{"id":2109,"date":"2019-06-13T14:16:58","date_gmt":"2019-06-13T14:16:58","guid":{"rendered":"https:\/\/moserbautechnik.it\/cookie-policy\/"},"modified":"2019-11-13T15:03:07","modified_gmt":"2019-11-13T15:03:07","slug":"cookie-policy","status":"publish","type":"page","link":"https:\/\/moserbautechnik.it\/de\/cookie-policy\/","title":{"rendered":"Cookie Policy"},"content":{"rendered":"<p>[et_pb_section fb_built=&#8220;1&#8243; _builder_version=&#8220;3.21.1&#8243; background_color=&#8220;#2b2b2b&#8220; custom_margin=&#8220;0px|0px|0px|0px&#8220; custom_padding=&#8220;0px||0px&#8220;][et_pb_row custom_padding=&#8220;0|0px|70px|0px|false|false&#8220; _builder_version=&#8220;3.21.1&#8243;][et_pb_column type=&#8220;1_2&#8243; _builder_version=&#8220;3.21.1&#8243;][et_pb_image src=&#8220;https:\/\/moserbautechnik.it\/wp-content\/uploads\/2019\/04\/logo-bianco-120px.png&#8220; _builder_version=&#8220;3.21.1&#8243; url=&#8220;https:\/\/moserbautechnik.it\/de\/&#8220;][\/et_pb_image][et_pb_text _builder_version=&#8220;3.21.1&#8243; header_font=&#8220;|300|||||||&#8220; header_font_size=&#8220;28px&#8220; header_4_font=&#8220;Open Sans|300|||||||&#8220; header_4_font_size=&#8220;19px&#8220; header_4_line_height=&#8220;1.2em&#8220;]<\/p>\n<h1><span style=\"color: #999999;\">Cookies Policy<\/span><\/h1>\n<h4><span style=\"color: #999999;\"><\/span><\/h4>\n<p><span style=\"color: #999999;\"><\/span><\/p>\n<p>[\/et_pb_text][\/et_pb_column][et_pb_column type=&#8220;1_2&#8243; _builder_version=&#8220;3.21.1&#8243;][\/et_pb_column][\/et_pb_row][\/et_pb_section][et_pb_section fb_built=&#8220;1&#8243; _builder_version=&#8220;3.21.1&#8243;][et_pb_row custom_padding=&#8220;83px|0px|110px|0px|false|false&#8220; _builder_version=&#8220;3.21.1&#8243;][et_pb_column type=&#8220;1_2&#8243; _builder_version=&#8220;3.21.1&#8243;][et_pb_text _builder_version=&#8220;3.21.1&#8243;]<\/p>\n<p><strong>Informativa estesa Cookie Policy<\/strong><\/p>\n<p><span>Per migliorare l&#8217;esperienza di navigazione, questo sito utilizza i cookies.<\/span><\/p>\n<p><strong>Cosa sono i cookies?<\/strong><\/p>\n<p><span>I cookies sono stringhe di testo di piccola dimensione utilizzati per memorizzare preferenze, dati e informazioni relative alla navigazione e all\u2019uso del sito internet in oggetto.<\/span><br \/><span>I cookie vengono memorizzati, in base alle preferenze dell&#8217;utente, dal singolo browser sullo specifico dispositivo utilizzato (computer, tablet, smartphone), per poi essere ritrasmessi alla successiva visita del sito da parte dell&#8217;utente.<\/span><br \/><span>Un cookie non pu\u00f2 richiamare nessun altro dato dal disco fisso dell\u2019utente n\u00e9 trasmettere virus informatici o acquisire indirizzi email.<\/span><\/p>\n<p><span>Ai fini che qui interessano i cookie si distinguono in tecnici e di profilazione, a seconda della funzione per la quale sono utilizzati, ed in cookie di prime parti e di terze parti, a seconda del soggetto che li installa.<\/span><\/p>\n<p><strong>Cookie tecnici<\/strong><\/p>\n<p><span>I cookie tecnici sono utilizzati al solo fine di &#8222;effettuare la trasmissione di una comunicazione su una rete di comunicazione elettronica, o nella misura strettamente necessaria al fornitore di un servizio della societ\u00e0 dell&#8217;informazione esplicitamente richiesto dall&#8217;abbonato o dall&#8217;utente di erogare tale servizio&#8220; (cfr art. 122 comma 1 del Codice della privacy).<\/span><br \/><span>I cookie tecnici si distinguono in cookie di navigazione o di sessione (garantiscono la normale navigazione e fruizione del sito web), cookie analytics (assimilati ai cookie tecnici ove utilizzati direttamente dal gestore del sito per raccogliere informazioni, in forma aggregata, sul numero degli utenti e su come questi visitano il sito stesso) e cookie di funzionalit\u00e0 (permettono all&#8217;utente la navigazione in funzione di una serie di criteri selezionati, quali ad esempio la lingua, al fine di migliorare il servizio reso allo stesso).<\/span><br \/><span>Per l&#8217;installazione e l&#8217;utilizzo dei cookie tecnici non \u00e8 richiesto il preventivo consenso dell&#8217;interessato.<\/span><\/p>\n<p><strong>Cookie di profilazione<\/strong><\/p>\n<p><span>I cookie di profilazione vengono utilizzati per inviare messaggi pubblicitari in linea con le preferenze manifestate dall&#8217;utente nell&#8217;ambito della navigazione in rete.<\/span><br \/><span>Per l&#8217;utilizzo dei cookie di profilazione \u00e8 richiesto il consenso dell&#8217;interessato.<\/span><\/p>\n<p><strong>Cookie di terze parti<\/strong><\/p>\n<p><span>Visitando un sito web si possono ricevere cookie sia dal sito visitato (\u201cproprietari\u201d), sia da siti gestiti da altre organizzazioni (\u201cterze parti\u201d).<\/span><br \/><span>Un esempio notevole \u00e8 rappresentato dalla presenza dei \u201csocial plugin\u201d per Facebook, Twitter, Google+. La presenza di questi plugin comporta la trasmissione di cookie da e verso tutti i siti gestiti da terze parti.<\/span><br \/><span>La gestione delle informazioni raccolte da \u201cterze parti\u201d \u00e8 disciplinata dalle relative informative cui si prega di fare riferimento.<\/span><\/p>\n<p><strong>Cookies utilizzati dal sito<\/strong><\/p>\n<table class=\"table_cookies\">\n<tbody>\n<tr>\n<th>Tipo di Cookie<\/th>\n<th>Descrizione dell\u2019uso<\/th>\n<th>Policy Link<\/th>\n<\/tr>\n<tr>\n<td class=\"tipo_cookie\">Cookie di sistema<\/td>\n<td>Garantiscono all&#8217;utente una migliore esperienza di navigazione, tali cookie sono indispensabili per la fruizione corretta del sito.<\/td>\n<td class=\"link_cookie\"><\/td>\n<\/tr>\n<tr>\n<td class=\"tipo_cookie\">Google Analytics<br \/>(cookie di terze parti)<\/td>\n<td>Monitora la generazione di statistiche sull&#8217;utilizzo del sito web; Google Analytics utilizza cookie che non memorizzano dati personali e che vengono depositati sul computer dell&#8217;utente per consentire al gestore del sito web di analizzare come gli utenti utilizzano il sito stesso.<\/td>\n<td class=\"link_cookie\"><a href=\"https:\/\/www.google.com\/intl\/it_ALL\/analytics\/learn\/privacy.html\">Privacy Policy<\/a><\/td>\n<\/tr>\n<\/tbody>\n<\/table>\n<p>&nbsp;<\/p>\n<p><strong>Gestione dei Cookies<\/strong><\/p>\n<p><span>L&#8217;utente pu\u00f2 decidere se accettare o meno i cookie utilizzando le impostazioni del proprio browser.<\/span><br \/><b>Attenzione:<\/b><span>\u00a0la disabilitazione totale o parziale dei cookie tecnici pu\u00f2 compromettere l&#8217;utilizzo delle funzionalit\u00e0 del sito riservate agli utenti registrati. Al contrario, la fruibilit\u00e0 dei contenuti pubblici \u00e8 possibile anche disabilitando completamente i cookie.<\/span><br \/><span>La disabilitazione dei cookie \u201cterze parti\u201d non pregiudica in alcun modo la navigabilit\u00e0.<\/span><\/p>\n<p><strong>Chrome<\/strong><\/p>\n<ol>\n<li>Eseguire il Browser Chrome<\/li>\n<li>Fare click sul men\u00f9 presente nella barra degli strumenti del browser a fianco della finestra di inserimento url per la navigazione<\/li>\n<li>Selezionare<span>\u00a0<\/span><strong>Impostazioni<\/strong><\/li>\n<li>Fare clic su<span>\u00a0<\/span><strong>Mostra Impostazioni Avanzate<\/strong><\/li>\n<li>Nella sezione \u201cPrivacy\u201d fare clic su bottone \u201c<strong>Impostazioni contenuti<\/strong>\u201c<\/li>\n<li>Nella sezione \u201cCookie\u201d \u00e8 possibile modificare le seguenti impostazioni relative ai cookie:\n<ul>\n<li>Consentire il salvataggio dei dati in locale<\/li>\n<li>Modificare i dati locali solo fino alla chiusura del browser<\/li>\n<li>Impedire ai siti di impostare i cookie<\/li>\n<li>Bloccare i cookie di terze parti e i dati dei siti<\/li>\n<li>Gestire le eccezioni per alcuni siti internet<\/li>\n<li>Eliminazione di uno o tutti i cookie<\/li>\n<\/ul>\n<\/li>\n<\/ol>\n<p>Per maggiori informazioni visita la<span>\u00a0<\/span><a rel=\"nofollow noopener noreferrer\" target=\"_blank\" href=\"https:\/\/support.google.com\/accounts\/answer\/61416?hl=en\">pagina dedicata<\/a>.<\/p>\n<p><strong>Mozilla Firefox<\/strong><\/p>\n<ol>\n<li>Eseguire il Browser Mozilla Firefox<\/li>\n<li>Fare click sul men\u00f9 presente nella barra degli strumenti del browser a fianco della finestra di inserimento url per la navigazione<\/li>\n<li>Selezionare<span>\u00a0<\/span><strong>Opzioni<\/strong><\/li>\n<li>Seleziona il pannello<span>\u00a0<\/span><strong>Privacy<\/strong><\/li>\n<li>Fare clic su<span>\u00a0<\/span><strong>Mostra Impostazioni Avanzate<\/strong><\/li>\n<li>Nella sezione \u201cPrivacy\u201d fare clic su bottone \u201c<strong>Impostazioni contenuti<\/strong>\u201c<\/li>\n<li>Nella sezione \u201c<strong>Tracciamento<\/strong>\u201d \u00e8 possibile modificare le seguenti impostazioni relative ai cookie:\n<ul>\n<li>Richiedi ai siti di non effettuare alcun tracciamento<\/li>\n<li>Comunica ai siti la disponibilit\u00e0 ad essere tracciato<\/li>\n<li>Non comunicare alcuna preferenza relativa al tracciamento dei dati personali<\/li>\n<\/ul>\n<\/li>\n<li>Dalla sezione \u201c<strong>Cronologia<\/strong>\u201d \u00e8 possibile:\n<ul>\n<li>Abilitando \u201cUtilizza impostazioni personalizzate\u201d selezionare di accettare i cookie di terze parti (sempre, dai siti pi\u00f9 visitato o mai) e di conservarli per un periodo determinato (fino alla loro scadenza, alla chiusura di Firefox o di chiedere ogni volta)<\/li>\n<li>Rimuovere i singoli cookie immagazzinati<\/li>\n<\/ul>\n<\/li>\n<\/ol>\n<p>Per maggiori informazioni visita la<span>\u00a0<\/span><a rel=\"nofollow noopener noreferrer\" target=\"_blank\" href=\"https:\/\/support.mozilla.org\/en-US\/kb\/enable-and-disable-cookies-website-preferences\">pagina dedicata<\/a>.<\/p>\n<p><strong>Internet Explorer<\/strong><\/p>\n<ol>\n<li>Eseguire il Browser Internet Explorer<\/li>\n<li>Fare click sul pulsante<span>\u00a0<\/span><strong>Strumenti<\/strong><span>\u00a0<\/span>e scegliere<span>\u00a0<\/span><strong>Opzioni Internet<\/strong><\/li>\n<li>Fare click sulla scheda<span>\u00a0<\/span><strong>Privacy<\/strong><span>\u00a0<\/span>e nella sezione Impostazioni modificare il dispositivo di scorrimento in funzione dell\u2019azione desiderata per i cookie:\n<ul>\n<li>Bloccare tutti i cookie<\/li>\n<li>Consentire tutti i cookie<\/li>\n<li>Selezione dei siti da cui ottenere cookie: spostare il cursore in una posizione intermedia in modo da non bloccare o consentire tutti i cookie, premere quindi su Siti, nella casella Indirizzo Sito Web inserire un sito internet e quindi premere su Blocca o Consenti<\/li>\n<\/ul>\n<\/li>\n<\/ol>\n<p>Per maggiori informazioni visita la<span>\u00a0<\/span><a rel=\"nofollow noopener noreferrer\" target=\"_blank\" href=\"https:\/\/windows.microsoft.com\/it-it\/windows-vista\/block-or-allow-cookies\">pagina dedicata<\/a>.<\/p>\n<p><strong>Safari 6<\/strong><\/p>\n<ol>\n<li>Eseguire il Browser Safari<\/li>\n<li>Fare click su<span>\u00a0<\/span><strong>Safari<\/strong>, selezionare<span>\u00a0<\/span><strong>Preferenze<\/strong><span>\u00a0<\/span>e premere su<span>\u00a0<\/span><strong>Privacy<\/strong><\/li>\n<li>Nella sezione<span>\u00a0<\/span><em>Blocca Cookie<\/em><span>\u00a0<\/span>specificare come Safari deve accettare i cookie dai siti internet.<\/li>\n<li>Per visionare quali siti hanno immagazzinato i cookie cliccare su<span>\u00a0<\/span><strong>Dettagli<\/strong><\/li>\n<\/ol>\n<p>Per maggiori informazioni visita la<span>\u00a0<\/span><a rel=\"nofollow noopener noreferrer\" target=\"_blank\" href=\"https:\/\/support.apple.com\/kb\/PH17191?viewlocale=it_IT&amp;locale=it_IT\">pagina dedicata<\/a>.<\/p>\n<p><strong>Safari iOS (dispositivi mobile)<\/strong><\/p>\n<ol>\n<li>Eseguire il Browser Safari iOS<\/li>\n<li>Tocca su<span>\u00a0<\/span><strong>Impostazioni<\/strong><span>\u00a0<\/span>e poi<span>\u00a0<\/span><strong>Safari<\/strong><\/li>\n<li>Tocca su<span>\u00a0<\/span><strong>Blocca Cookie<\/strong><span>\u00a0<\/span>e scegli tra le varie opzioni: \u201cMai\u201d, \u201cDi terze parti e inserzionisti\u201d o \u201cSempre\u201d<\/li>\n<li>Per cancellare tutti i cookie immagazzinati da Safari, tocca su<span>\u00a0<\/span><strong>Impostazioni<\/strong>, poi su<span>\u00a0<\/span><strong>Safari<\/strong><span>\u00a0<\/span>e infine su<span>\u00a0<\/span><strong>Cancella Cookie e dati<\/strong><\/li>\n<\/ol>\n<p>Per maggiori informazioni visita la<span>\u00a0<\/span><a rel=\"nofollow noopener noreferrer\" target=\"_blank\" href=\"https:\/\/support.apple.com\/kb\/HT1677?utm_source=Agillic%20Dialogue\">pagina dedicata<\/a>.<\/p>\n<p><strong>Opera<\/strong><\/p>\n<ol>\n<li>Eseguire il Browser Opera<\/li>\n<li>Fare click sul Preferenze poi su Avanzate e infine su Cookie<\/li>\n<li>Selezionare una delle seguenti opzioni:\n<ul>\n<li>Accetta tutti i cookie<\/li>\n<li>Accetta i cookie solo dal sito che si visita: i cookie di terze parti e che vengono inviati da un dominio diverso da quello che si sta visitando verranno rifiutati<\/li>\n<li>Non accettare mai i cookie: tutti i cookie non verranno mai salvati<\/li>\n<\/ul>\n<\/li>\n<\/ol>\n<p>Per maggiori informazioni visita la<span>\u00a0<\/span><a rel=\"nofollow noopener noreferrer\" target=\"_blank\" href=\"https:\/\/windows.microsoft.com\/it-it\/windows-vista\/block-or-allow-cookies\">pagina dedicata<\/a>.<\/p>\n<p>[\/et_pb_text][\/et_pb_column][et_pb_column type=&#8220;1_2&#8243; _builder_version=&#8220;3.21.1&#8243;][\/et_pb_column][\/et_pb_row][\/et_pb_section][et_pb_section fb_built=&#8220;1&#8243; _builder_version=&#8220;3.21.1&#8243; background_color=&#8220;#232323&#8243; custom_padding=&#8220;0|0px|0|0px|false|false&#8220; global_module=&#8220;658&#8243; saved_tabs=&#8220;all&#8220;][et_pb_row make_fullwidth=&#8220;on&#8220; use_custom_gutter=&#8220;on&#8220; gutter_width=&#8220;1&#8243; custom_padding=&#8220;0|0px|0|0px|false|false&#8220; background_color_1=&#8220;#232323&#8243; background_color_2=&#8220;#232323&#8243; background_color_3=&#8220;#232323&#8243; background_color_4=&#8220;#232323&#8243; background_color_5=&#8220;#232323&#8243; background_color_6=&#8220;#232323&#8243; _builder_version=&#8220;3.21.1&#8243; background_color_1__hover_enabled=&#8220;on&#8220; background_color_1__hover=&#8220;#303030&#8243; background_color_2__hover_enabled=&#8220;on&#8220; background_color_2__hover=&#8220;#303030&#8243; background_color_3__hover_enabled=&#8220;on&#8220; background_color_3__hover=&#8220;#303030&#8243; background_color_4__hover_enabled=&#8220;on&#8220; background_color_4__hover=&#8220;#303030&#8243;][et_pb_column type=&#8220;1_6&#8243; _builder_version=&#8220;3.21.1&#8243;][et_pb_blurb title=&#8220;Verkaufsnetz&#8220; url=&#8220;https:\/\/moserbautechnik.it\/de\/verkaufsnetz\/&#8220; use_icon=&#8220;on&#8220; font_icon=&#8220;%%165%%&#8220; icon_color=&#8220;#878787&#8243; content_max_width=&#8220;500px&#8220; use_icon_font_size=&#8220;on&#8220; icon_font_size=&#8220;30px&#8220; _builder_version=&#8220;3.21.1&#8243; header_font=&#8220;Open Sans||||||||&#8220; header_text_align=&#8220;center&#8220; header_text_color=&#8220;#878787&#8243; header_font_size=&#8220;15px&#8220; border_color_all=&#8220;#565656&#8243; border_width_right=&#8220;1px&#8220; text_orientation=&#8220;center&#8220; module_alignment=&#8220;center&#8220; custom_margin_last_edited=&#8220;on|desktop&#8220; custom_padding=&#8220;30%||35%|0%&#8220; custom_padding_phone=&#8220;||&#8220; custom_padding_last_edited=&#8220;on|phone&#8220; custom_css_blurb_image=&#8220;margin-bottom: 0px;||padding-bottom: 10px;&#8220;][\/et_pb_blurb][\/et_pb_column][et_pb_column type=&#8220;1_6&#8243; _builder_version=&#8220;3.21.1&#8243;][et_pb_blurb title=&#8220;Produkte&#8220; url=&#8220;https:\/\/moserbautechnik.it\/de\/heizung\/&#8220; use_icon=&#8220;on&#8220; font_icon=&#8220;%%112%%&#8220; icon_color=&#8220;#878787&#8243; content_max_width=&#8220;500px&#8220; use_icon_font_size=&#8220;on&#8220; icon_font_size=&#8220;30px&#8220; _builder_version=&#8220;3.21.1&#8243; header_font=&#8220;Open Sans||||||||&#8220; header_text_align=&#8220;center&#8220; header_text_color=&#8220;#878787&#8243; header_font_size=&#8220;15px&#8220; border_width_right=&#8220;1px&#8220; border_color_right=&#8220;#565656&#8243; text_orientation=&#8220;center&#8220; module_alignment=&#8220;center&#8220; custom_padding=&#8220;30%||35%|0%&#8220; custom_padding_phone=&#8220;0%||&#8220; custom_padding_last_edited=&#8220;on|phone&#8220; custom_css_blurb_image=&#8220;margin-bottom: 0px;||padding-bottom: 10px;&#8220;][\/et_pb_blurb][\/et_pb_column][et_pb_column type=&#8220;1_6&#8243; _builder_version=&#8220;3.21.1&#8243;][et_pb_blurb title=&#8220;Wo wir sind&#8220; url=&#8220;https:\/\/moserbautechnik.it\/de\/wo-wir-sind\/&#8220; use_icon=&#8220;on&#8220; font_icon=&#8220;%%122%%&#8220; icon_color=&#8220;#878787&#8243; content_max_width=&#8220;500px&#8220; use_icon_font_size=&#8220;on&#8220; icon_font_size=&#8220;30px&#8220; _builder_version=&#8220;3.21.1&#8243; header_font=&#8220;Open Sans||||||||&#8220; header_text_align=&#8220;center&#8220; header_text_color=&#8220;#878787&#8243; header_font_size=&#8220;15px&#8220; border_width_right=&#8220;1px&#8220; border_color_right=&#8220;#565656&#8243; text_orientation=&#8220;center&#8220; module_alignment=&#8220;center&#8220; custom_padding=&#8220;30%||35%|0%&#8220; custom_padding_phone=&#8220;0%||&#8220; custom_padding_last_edited=&#8220;on|phone&#8220; custom_css_blurb_image=&#8220;margin-bottom: 0px;||padding-bottom: 10px;&#8220;][\/et_pb_blurb][\/et_pb_column][et_pb_column type=&#8220;1_6&#8243; _builder_version=&#8220;3.21.1&#8243;][et_pb_blurb title=&#8220;Kontakte&#8220; url=&#8220;https:\/\/moserbautechnik.it\/de\/kontakt\/&#8220; use_icon=&#8220;on&#8220; font_icon=&#8220;%%109%%&#8220; icon_color=&#8220;#878787&#8243; content_max_width=&#8220;500px&#8220; use_icon_font_size=&#8220;on&#8220; icon_font_size=&#8220;30px&#8220; _builder_version=&#8220;3.21.1&#8243; header_font=&#8220;Open Sans||||||||&#8220; header_text_align=&#8220;center&#8220; header_text_color=&#8220;#878787&#8243; header_font_size=&#8220;15px&#8220; border_width_right=&#8220;1px&#8220; border_color_right=&#8220;#565656&#8243; text_orientation=&#8220;center&#8220; module_alignment=&#8220;center&#8220; custom_margin=&#8220;0px||&#8220; custom_margin_tablet=&#8220;40px|||&#8220; custom_margin_phone=&#8220;0px||&#8220; custom_margin_last_edited=&#8220;on|phone&#8220; custom_padding=&#8220;30%||35%|0%&#8220; custom_padding_phone=&#8220;0%||&#8220; custom_padding_last_edited=&#8220;on|desktop&#8220; custom_css_blurb_image=&#8220;margin-bottom: 0px;||padding-bottom: 10px;&#8220;][\/et_pb_blurb][\/et_pb_column][et_pb_column type=&#8220;1_6&#8243; _builder_version=&#8220;3.21.1&#8243;][et_pb_text _builder_version=&#8220;3.21.1&#8243; text_font=&#8220;||||||||&#8220; text_font_size=&#8220;13px&#8220; text_line_height=&#8220;1.3em&#8220; header_font=&#8220;||||||||&#8220; header_2_font=&#8220;Open Sans||||||||&#8220; header_2_text_color=&#8220;#878787&#8243; header_2_font_size=&#8220;13px&#8220; custom_margin_tablet=&#8220;40px||&#8220; custom_margin_phone=&#8220;0px||&#8220; custom_margin_last_edited=&#8220;on|phone&#8220; custom_padding=&#8220;28%|11%||19%&#8220; custom_padding_tablet=&#8220;|10%||&#8220; custom_padding_phone=&#8220;0%|||&#8220; custom_padding_last_edited=&#8220;on|phone&#8220;]<\/p>\n<h2 class=\"p1\"><a id=\"form-login\"><\/a>Pers\u00f6nlicher Bereich<\/h2>\n<p class=\"p1\"><span style=\"color: #878787;\">Melden Sie sich in Ihrem pers\u00f6nlichen Bereich an, um Ihr Profil zu verwalten.<\/span><\/p>\n<p>[\/et_pb_text][\/et_pb_column][et_pb_column type=&#8220;1_6&#8243; _builder_version=&#8220;3.21.1&#8243;][et_pb_text _builder_version=&#8220;3.21.1&#8243; text_font=&#8220;||||||||&#8220; text_line_height=&#8220;1.3em&#8220; header_font=&#8220;||||||||&#8220; header_2_font=&#8220;Open Sans||||||||&#8220; header_2_text_color=&#8220;#878787&#8243; header_2_font_size=&#8220;16px&#8220; custom_margin_tablet=&#8220;40px||&#8220; custom_margin_last_edited=&#8220;on|desktop&#8220; custom_padding=&#8220;9%|||30px&#8220; custom_padding_last_edited=&#8220;on|phone&#8220;]<\/p>\n<h2 class=\"p1\"><\/h2>\n<p class=\"p1\">[\/et_pb_text][et_pb_code _builder_version=&#8220;3.21.1&#8243; custom_padding=&#8220;4%||&#8220;]<\/p>\n<form method=\"post\" action=\"https:\/\/test.moserbautechnik.it\/Ecommerce\/Bautechnik\/de\/do-login\" name=\"login\" class=\"login-form\"><!-- [et_pb_line_break_holder] -->\t<input value=\"\" name=\"user\" type=\"text\" class=\"login-input\" placeholder=\"Username\"><!-- [et_pb_line_break_holder] -->\t<input value=\"\" name=\"pwd\" type=\"password\" class=\"login-input\" placeholder=\"Password\"><!-- [et_pb_line_break_holder] -->  <!\u2013- [et_pb_br_holder] -\u2013><!-- [et_pb_line_break_holder] -->\t<a href=\"https:\/\/test.moserbautechnik.it\/Ecommerce\/Bautechnik\/de\/nopass.xml\" class=\"login-link\">Passwort vergessen?<\/a><!-- [et_pb_line_break_holder] -->\t<!\u2013- [et_pb_br_holder] -\u2013><!-- [et_pb_line_break_holder] --><\/p>\n<div style=\"padding-top:5px;\"><\/div>\n<p><!-- [et_pb_line_break_holder] --><\/p>\n<div ><!-- [et_pb_line_break_holder] -->  <input type=\"submit\" value=\"Login\" class=\"login-btn\"\/><!-- [et_pb_line_break_holder] --><input value=\"0\" name=\"master\" type=\"hidden\"><!-- [et_pb_line_break_holder] --><\/div>\n<p><!-- [et_pb_line_break_holder] --><\/form>\n<p>[\/et_pb_code][\/et_pb_column][\/et_pb_row][\/et_pb_section]<\/p>\n","protected":false},"excerpt":{"rendered":"<p>[et_pb_section fb_built=&#8220;1&#8243; _builder_version=&#8220;3.21.1&#8243; background_color=&#8220;#2b2b2b&#8220; custom_margin=&#8220;0px|0px|0px|0px&#8220; custom_padding=&#8220;0px||0px&#8220;][et_pb_row custom_padding=&#8220;0|0px|70px|0px|false|false&#8220; _builder_version=&#8220;3.21.1&#8243;][et_pb_column type=&#8220;1_2&#8243; _builder_version=&#8220;3.21.1&#8243;][et_pb_image src=&#8220;https:\/\/moserbautechnik.it\/wp-content\/uploads\/2019\/04\/logo-bianco-120px.png&#8220; _builder_version=&#8220;3.21.1&#8243; url=&#8220;https:\/\/moserbautechnik.it\/de\/&#8220;][\/et_pb_image][et_pb_text _builder_version=&#8220;3.21.1&#8243; header_font=&#8220;|300|||||||&#8220; header_font_size=&#8220;28px&#8220; header_4_font=&#8220;Open Sans|300|||||||&#8220; header_4_font_size=&#8220;19px&#8220; header_4_line_height=&#8220;1.2em&#8220;] Cookies Policy [\/et_pb_text][\/et_pb_column][et_pb_column type=&#8220;1_2&#8243; _builder_version=&#8220;3.21.1&#8243;][\/et_pb_column][\/et_pb_row][\/et_pb_section][et_pb_section fb_built=&#8220;1&#8243; _builder_version=&#8220;3.21.1&#8243;][et_pb_row custom_padding=&#8220;83px|0px|110px|0px|false|false&#8220; _builder_version=&#8220;3.21.1&#8243;][et_pb_column type=&#8220;1_2&#8243; _builder_version=&#8220;3.21.1&#8243;][et_pb_text _builder_version=&#8220;3.21.1&#8243;] Informativa estesa Cookie Policy Per migliorare l&#8217;esperienza di navigazione, questo sito utilizza i cookies. Cosa sono i cookies? I cookies sono stringhe di [&hellip;]<\/p>\n","protected":false},"author":2,"featured_media":0,"parent":0,"menu_order":0,"comment_status":"closed","ping_status":"closed","template":"","meta":{"_et_pb_use_builder":"on","_et_pb_old_content":"","_et_gb_content_width":""},"_links":{"self":[{"href":"https:\/\/moserbautechnik.it\/de\/wp-json\/wp\/v2\/pages\/2109"}],"collection":[{"href":"https:\/\/moserbautechnik.it\/de\/wp-json\/wp\/v2\/pages"}],"about":[{"href":"https:\/\/moserbautechnik.it\/de\/wp-json\/wp\/v2\/types\/page"}],"author":[{"embeddable":true,"href":"https:\/\/moserbautechnik.it\/de\/wp-json\/wp\/v2\/users\/2"}],"replies":[{"embeddable":true,"href":"https:\/\/moserbautechnik.it\/de\/wp-json\/wp\/v2\/comments?post=2109"}],"version-history":[{"count":5,"href":"https:\/\/moserbautechnik.it\/de\/wp-json\/wp\/v2\/pages\/2109\/revisions"}],"predecessor-version":[{"id":2903,"href":"https:\/\/moserbautechnik.it\/de\/wp-json\/wp\/v2\/pages\/2109\/revisions\/2903"}],"wp:attachment":[{"href":"https:\/\/moserbautechnik.it\/de\/wp-json\/wp\/v2\/media?parent=2109"}],"curies":[{"name":"wp","href":"https:\/\/api.w.org\/{rel}","templated":true}]}}