{"id":9,"date":"2019-04-02T13:37:28","date_gmt":"2019-04-02T13:37:28","guid":{"rendered":"https:\/\/moserbautechnik.it\/home\/"},"modified":"2022-10-25T08:57:11","modified_gmt":"2022-10-25T08:57:11","slug":"home","status":"publish","type":"page","link":"https:\/\/moserbautechnik.it\/de\/","title":{"rendered":"home"},"content":{"rendered":"<p>[et_pb_section fb_built=&#8220;1&#8243; disabled_on=&#8220;on|off|off&#8220; _builder_version=&#8220;4.8.0&#8243; custom_margin=&#8220;0px|0px|0px|0px&#8220; custom_padding=&#8220;0px|0px|0px|0px|false|false&#8220;][et_pb_row use_custom_gutter=&#8220;on&#8220; gutter_width=&#8220;1&#8243; module_class=&#8220; et_pb_row_fullwidth&#8220; _builder_version=&#8220;3.25&#8243; width=&#8220;100%&#8220; width_tablet=&#8220;100%&#8220; width_phone=&#8220;&#8220; width_last_edited=&#8220;on|desktop&#8220; max_width=&#8220;100%&#8220; max_width_tablet=&#8220;100%&#8220; max_width_phone=&#8220;&#8220; max_width_last_edited=&#8220;on|desktop&#8220; custom_margin=&#8220;-94px||&#8220; custom_margin_tablet=&#8220;-95px||&#8220; custom_margin_phone=&#8220;&#8220; custom_margin_last_edited=&#8220;on|tablet&#8220; custom_padding=&#8220;0px|0px|0|0px|false|false&#8220; make_fullwidth=&#8220;on&#8220;][et_pb_column type=&#8220;4_4&#8243; _builder_version=&#8220;3.25&#8243; custom_padding=&#8220;|||&#8220; custom_padding__hover=&#8220;|||&#8220;][et_pb_text _builder_version=&#8220;4.8.0&#8243; custom_margin=&#8220;0px|0px|0px|0px&#8220; custom_padding=&#8220;0px|0px|0px|0px&#8220;]<script type=\"text\/javascript\">var lsjQuery = jQuery;lsjQuery(document).ready(function() {\r\nif(typeof lsjQuery.fn.layerSlider == \"undefined\") {\r\nif( window._layerSlider && window._layerSlider.showNotice) { \r\nwindow._layerSlider.showNotice('layerslider_51','jquery');\r\n}\r\n} else {\r\nlsjQuery(\"#layerslider_51\").layerSlider({createdWith: '6.8.2', sliderVersion: '6.8.2', allowFullscreen: false, pauseOnHover: 'disabled', forceCycles: false, skin: 'v5', sliderFadeInDuration: 0, showCircleTimer: false, skinsPath: 'https:\/\/moserbautechnik.it\/wp-content\/plugins\/LayerSlider\/static\/layerslider\/skins\/'});\r\n}\r\n});\r\n<\/script><div id=\"layerslider_51\" class=\"ls-wp-container fitvidsignore\" style=\"width:1700px;height:900px;margin:0 auto;margin-bottom: 0px;\"><div class=\"ls-slide\" data-ls=\"bgsize:cover;bgcolor:#ffffff;duration:12000;transition2d:5;transitionduration:0;kenburnsscale:1.2;\"><img width=\"1500\" height=\"1000\" src=\"https:\/\/moserbautechnik.it\/wp-content\/uploads\/2020\/04\/moser-01.jpg\" class=\"ls-bg\" alt=\"\" loading=\"lazy\" srcset=\"https:\/\/moserbautechnik.it\/wp-content\/uploads\/2020\/04\/moser-01.jpg 1500w, https:\/\/moserbautechnik.it\/wp-content\/uploads\/2020\/04\/moser-01-1280x853.jpg 1280w, https:\/\/moserbautechnik.it\/wp-content\/uploads\/2020\/04\/moser-01-980x653.jpg 980w, https:\/\/moserbautechnik.it\/wp-content\/uploads\/2020\/04\/moser-01-480x320.jpg 480w\" sizes=\"(min-width: 0px) and (max-width: 480px) 480px, (min-width: 481px) and (max-width: 980px) 980px, (min-width: 981px) and (max-width: 1280px) 1280px, (min-width: 1281px) 1500px, 100vw\" \/><img width=\"600\" height=\"1067\" src=\"https:\/\/moserbautechnik.it\/wp-content\/uploads\/2020\/03\/riquadro-slider-logo-2.png\" class=\"ls-l ls-hide-desktop ls-hide-phone\" alt=\"\" loading=\"lazy\" srcset=\"https:\/\/moserbautechnik.it\/wp-content\/uploads\/2020\/03\/riquadro-slider-logo-2.png 600w, https:\/\/moserbautechnik.it\/wp-content\/uploads\/2020\/03\/riquadro-slider-logo-2-480x854.png 480w\" sizes=\"(min-width: 0px) and (max-width: 480px) 480px, (min-width: 481px) 600px, 100vw\" style=\"top:0px;left:204px;width:426px;height:756px;\"><p style=\"top:233px;left:240px;text-align:center;font-weight:300;line-height:28px;font-size:22px;font-family:Open Sans;color:#ffffff;white-space:normal;\" class=\"ls-l ls-hide-desktop ls-hide-phone\">Am besten gleich loslegen.<br>\nEgal, wie anspruchsvoll oder <br>\nau\u00dfergew\u00f6hnlich ein Projekt ist.<br>\nEs z\u00e4hlen die Erfahrung und <br>\ndas Fachwissen aller Beteiligten.<br>\nDeren Bereitschaft.<br>\nDie Qualit\u00e4t der Produkte <br>\nund ma\u00dfgeschneiderten L\u00f6sungen.<br>\nUnd normalerweise ist <br>\ndas Gesuchte bereits lagernd.<br><\/p><p style=\"top:643px;left:321px;text-align:center;font-weight:300;line-height:55px;font-size:44px;font-family:Open Sans;color:#ffffff;white-space:normal;\" class=\"ls-l ls-hide-desktop ls-hide-phone\">Vom Fach.<\/p><img width=\"600\" height=\"1067\" src=\"https:\/\/moserbautechnik.it\/wp-content\/uploads\/2020\/03\/riquadro-slider-logo-2.png\" class=\"ls-l ls-hide-tablet ls-hide-phone\" alt=\"\" loading=\"lazy\" srcset=\"https:\/\/moserbautechnik.it\/wp-content\/uploads\/2020\/03\/riquadro-slider-logo-2.png 600w, https:\/\/moserbautechnik.it\/wp-content\/uploads\/2020\/03\/riquadro-slider-logo-2-480x854.png 480w\" sizes=\"(min-width: 0px) and (max-width: 480px) 480px, (min-width: 481px) 600px, 100vw\" style=\"top:0px;left:203px;width:389px;height:690px;\" data-ls=\"durationin:500;\"><p style=\"top:246px;left:235px;text-align:center;font-weight:400;line-height:25px;font-size:20px;font-family:Open Sans;color:#ffffff;white-space:normal;\" class=\"ls-l ls-hide-tablet ls-hide-phone\" data-ls=\"durationin:500;\">Am besten gleich loslegen.<br>\nEgal, wie anspruchsvoll oder <br>\nau\u00dfergew\u00f6hnlich ein Projekt ist.<br>\nEs z\u00e4hlen die Erfahrung und <br>\ndas Fachwissen aller Beteiligten.<br>\nDeren Bereitschaft.<br>\nDie Qualit\u00e4t der Produkte <br>\nund ma\u00dfgeschneiderten L\u00f6sungen.<br>\nUnd normalerweise ist <br>\ndas Gesuchte bereits lagernd.<br>\n\n<\/p><p style=\"top:595px;left:297px;text-align:center;font-weight:300;line-height:48px;font-size:38px;font-family:Open Sans;color:#ffffff;white-space:normal;\" class=\"ls-l ls-hide-tablet ls-hide-phone\" data-ls=\"durationin:500;\">Vom Fach.<\/p><\/div><\/div>[\/et_pb_text][\/et_pb_column][\/et_pb_row][\/et_pb_section][et_pb_section fb_built=&#8220;1&#8243; disabled_on=&#8220;off|on|on&#8220; _builder_version=&#8220;3.22&#8243; custom_margin=&#8220;0px|0px|0px|0px&#8220; custom_padding=&#8220;0px|0px|0px|0px|false|false&#8220;][et_pb_row use_custom_gutter=&#8220;on&#8220; gutter_width=&#8220;1&#8243; module_class=&#8220; et_pb_row_fullwidth&#8220; _builder_version=&#8220;3.25&#8243; width=&#8220;100%&#8220; width_tablet=&#8220;100%&#8220; width_phone=&#8220;&#8220; width_last_edited=&#8220;on|desktop&#8220; max_width=&#8220;100%&#8220; max_width_tablet=&#8220;100%&#8220; max_width_phone=&#8220;&#8220; max_width_last_edited=&#8220;on|desktop&#8220; custom_margin=&#8220;-100px||&#8220; custom_padding=&#8220;0px|0px|0|0px|false|false&#8220; make_fullwidth=&#8220;on&#8220;][et_pb_column type=&#8220;4_4&#8243; _builder_version=&#8220;3.25&#8243; custom_padding=&#8220;|||&#8220; custom_padding__hover=&#8220;|||&#8220;][et_pb_text _builder_version=&#8220;4.8.0&#8243; custom_margin=&#8220;0px|0px|0px|0px&#8220; custom_padding=&#8220;0px|0px|0px|0px&#8220;]<script type=\"text\/javascript\">var lsjQuery = jQuery;lsjQuery(document).ready(function() {\r\nif(typeof lsjQuery.fn.layerSlider == \"undefined\") {\r\nif( window._layerSlider && window._layerSlider.showNotice) { \r\nwindow._layerSlider.showNotice('layerslider_52','jquery');\r\n}\r\n} else {\r\nlsjQuery(\"#layerslider_52\").layerSlider({createdWith: '6.8.2', sliderVersion: '6.8.2', type: 'fullsize', skin: 'v6', showCircleTimer: false, skinsPath: 'https:\/\/moserbautechnik.it\/wp-content\/plugins\/LayerSlider\/static\/layerslider\/skins\/', height: 700});\r\n}\r\n});\r\n<\/script><div id=\"layerslider_52\" class=\"ls-wp-container fitvidsignore\" style=\"width:600px;height:100vh;margin:0 auto;margin-bottom: 0px;\"><div class=\"ls-slide\" data-ls=\"bgsize:cover;duration:6000;transition2d:5;kenburnsscale:1.2;\"><img width=\"1500\" height=\"1000\" src=\"https:\/\/moserbautechnik.it\/wp-content\/uploads\/2020\/04\/moser-01.jpg\" class=\"ls-bg\" alt=\"\" loading=\"lazy\" srcset=\"https:\/\/moserbautechnik.it\/wp-content\/uploads\/2020\/04\/moser-01.jpg 1500w, https:\/\/moserbautechnik.it\/wp-content\/uploads\/2020\/04\/moser-01-1280x853.jpg 1280w, https:\/\/moserbautechnik.it\/wp-content\/uploads\/2020\/04\/moser-01-980x653.jpg 980w, https:\/\/moserbautechnik.it\/wp-content\/uploads\/2020\/04\/moser-01-480x320.jpg 480w\" sizes=\"(min-width: 0px) and (max-width: 480px) 480px, (min-width: 481px) and (max-width: 980px) 980px, (min-width: 981px) and (max-width: 1280px) 1280px, (min-width: 1281px) 1500px, 100vw\" \/><a style=\"\" class=\"ls-l ls-hide-desktop ls-hide-tablet\" href=\"http:\/\/moserbautechnik.it\/it\/\" target=\"_self\"><img width=\"600\" height=\"568\" src=\"https:\/\/moserbautechnik.it\/wp-content\/uploads\/2020\/04\/logo-mobile.png\" class=\"\" alt=\"\" loading=\"lazy\" srcset=\"https:\/\/moserbautechnik.it\/wp-content\/uploads\/2020\/04\/logo-mobile.png 600w, https:\/\/moserbautechnik.it\/wp-content\/uploads\/2020\/04\/logo-mobile-480x454.png 480w\" sizes=\"(min-width: 0px) and (max-width: 480px) 480px, (min-width: 481px) 600px, 100vw\" style=\"top:250px;left:93px;width:400px;height:370px;font-size:13px;line-height:falsepx;\"><\/a><p style=\"top:441px;left:144px;text-align:center;font-weight:300;line-height:26px;font-size:21px;font-family:Open Sans;color:#ffffff;white-space:normal;\" class=\"ls-l ls-hide-desktop ls-hide-tablet\">Am besten gleich loslegen.<br>\nEgal, wie anspruchsvoll oder<br>\nau\u00dfergew\u00f6hnlich ein Projekt ist.<br>\n<\/p><p style=\"top:542px;left:224px;text-align:center;font-weight:300;line-height:36px;font-size:29px;font-family:Open Sans;color:#ffffff;white-space:normal;\" class=\"ls-l ls-hide-desktop ls-hide-tablet\">Vom Fach.<\/p><\/div><\/div>[\/et_pb_text][\/et_pb_column][\/et_pb_row][\/et_pb_section][et_pb_section fb_built=&#8220;1&#8243; _builder_version=&#8220;3.22&#8243; background_color=&#8220;rgba(0,0,0,0)&#8220; custom_padding=&#8220;0|0px|0px|0px|false|false&#8220;][et_pb_row column_structure=&#8220;3_5,2_5&#8243; use_custom_gutter=&#8220;on&#8220; gutter_width=&#8220;1&#8243; module_class=&#8220; et_pb_row_fullwidth&#8220; _builder_version=&#8220;3.25&#8243; background_color=&#8220;#ffffff&#8220; width=&#8220;100%&#8220; width_tablet=&#8220;100%&#8220; width_phone=&#8220;&#8220; width_last_edited=&#8220;on|desktop&#8220; max_width=&#8220;100%&#8220; max_width_tablet=&#8220;100%&#8220; max_width_phone=&#8220;&#8220; max_width_last_edited=&#8220;on|desktop&#8220; custom_padding=&#8220;0|0|31px|0px|false|false&#8220; custom_css_main_element=&#8220;z-index: 999;&#8220; make_fullwidth=&#8220;on&#8220;][et_pb_column type=&#8220;3_5&#8243; _builder_version=&#8220;3.25&#8243; custom_padding=&#8220;|||&#8220; custom_padding__hover=&#8220;|||&#8220;][et_pb_text _builder_version=&#8220;4.8.0&#8243; text_font=&#8220;Open Sans||||||||&#8220; header_font=&#8220;Work Sans||||||||&#8220; header_font_size=&#8220;7vw&#8220; header_letter_spacing=&#8220;-3px&#8220; header_line_height=&#8220;1.6em&#8220; header_2_font=&#8220;||||||||&#8220; custom_padding=&#8220;4.9%|10%|4.4%|20%||&#8220; header_font_size_tablet=&#8220;11vw&#8220; header_font_size_phone=&#8220;&#8220; header_font_size_last_edited=&#8220;on|desktop&#8220;]<\/p>\n<h1 class=\"p1\">Willkommen<\/h1>\n<p class=\"p1\">Ein breit gef\u00e4chertes Angebot an Qualit\u00e4tsprodukten, um Ihre Tr\u00e4ume zu verwirklichen. Wir verf\u00fcgen \u00fcber die technische Kompetenz, um beste Ergebnisse zu erreichen. Sie k\u00f6nnen auf unsere Zuverl\u00e4ssigkeit bauen. Dies alles und noch viel mehr ist Bautechnik. Wir arbeiten mit einem Team von hochqualifizierten Fachkr\u00e4ften. Innovation, Forschung und Technik aus einer Hand. Von Materialien f\u00fcr Heizungs- und Sanit\u00e4rinstallationen bis zu Baumaterialien: Bei uns finden Sie alles f\u00fcr Ihre Arbeit. Willkommen im Universum Bautechnik.<\/p>\n<p>[\/et_pb_text][et_pb_button button_url=&#8220;\/it\/azienda\/&#8220; button_text=&#8220;UNTERNEHMEN&#8220; button_alignment=&#8220;left&#8220; _builder_version=&#8220;4.8.0&#8243; custom_button=&#8220;on&#8220; button_text_size=&#8220;12px&#8220; button_text_color=&#8220;#c20e1a&#8220; button_bg_color=&#8220;rgba(255,255,255,0)&#8220; button_border_width=&#8220;0px&#8220; button_border_color=&#8220;#c20e1a&#8220; button_border_radius=&#8220;0px&#8220; button_letter_spacing=&#8220;1px&#8220; button_font=&#8220;Open Sans|700||on|||||&#8220; button_icon=&#8220;%%36%%&#8220; custom_margin=&#8220;0px||5.3%|20%||&#8220; custom_padding=&#8220;10px||10px|0px&#8220; button_border_width__hover_enabled=&#8220;on&#8220; button_border_width__hover=&#8220;0px&#8220; button_bg_color__hover_enabled=&#8220;on&#8220; button_bg_color__hover=&#8220;rgba(255,255,255,0)&#8220;][\/et_pb_button][\/et_pb_column][et_pb_column type=&#8220;2_5&#8243; _builder_version=&#8220;3.25&#8243; custom_padding=&#8220;|||&#8220; custom_padding__hover=&#8220;|||&#8220;][\/et_pb_column][\/et_pb_row][\/et_pb_section][et_pb_section fb_built=&#8220;1&#8243; custom_padding_last_edited=&#8220;on|phone&#8220; _builder_version=&#8220;3.22&#8243; custom_margin=&#8220;0px|0px|0px|0px&#8220; custom_padding=&#8220;0|0px|0px|0%|false|false&#8220; custom_padding_tablet=&#8220;||80px&#8220; custom_padding_phone=&#8220;&#8220;][et_pb_row column_structure=&#8220;1_2,1_2&#8243; use_custom_gutter=&#8220;on&#8220; gutter_width=&#8220;1&#8243; module_class=&#8220; et_pb_row_fullwidth&#8220; _builder_version=&#8220;4.4.1&#8243; background_enable_image=&#8220;off&#8220; width=&#8220;100%&#8220; width_tablet=&#8220;100%&#8220; width_phone=&#8220;&#8220; width_last_edited=&#8220;on|desktop&#8220; max_width=&#8220;100%&#8220; max_width_tablet=&#8220;100%&#8220; max_width_phone=&#8220;&#8220; max_width_last_edited=&#8220;on|desktop&#8220; custom_margin=&#8220;0px|0px|0px|&#8220; custom_padding=&#8220;0%|0px|0%|0px|false|false&#8220; make_fullwidth=&#8220;on&#8220;][et_pb_column type=&#8220;1_2&#8243; _builder_version=&#8220;4.4.1&#8243; background_image=&#8220;https:\/\/moserbautechnik.it\/wp-content\/uploads\/2020\/04\/moser-03-1024&#215;663.jpg&#8220; custom_padding=&#8220;10%||10%||false|false&#8220; custom_padding__hover=&#8220;|||&#8220;][et_pb_text _builder_version=&#8220;4.8.0&#8243; header_font=&#8220;Work Sans||||||||&#8220; header_font_size=&#8220;50px&#8220; header_letter_spacing=&#8220;-2px&#8220; custom_padding=&#8220;15.2%||11px|||&#8220; header_font_size_tablet=&#8220;&#8220; header_font_size_phone=&#8220;35px&#8220; header_font_size_last_edited=&#8220;on|desktop&#8220;]<\/p>\n<h1 style=\"text-align: center;\"><span style=\"color: #ffffff;\">Produkte<\/span><\/h1>\n<p>[\/et_pb_text][et_pb_button button_url=&#8220;https:\/\/moserbautechnik.it\/de\/betonfertigteile\/&#8220; button_text=&#8220;weiterlesen&#8220; button_alignment=&#8220;center&#8220; _builder_version=&#8220;4.8.0&#8243; custom_button=&#8220;on&#8220; button_text_size=&#8220;12px&#8220; button_text_color=&#8220;#ffffff&#8220; button_bg_color=&#8220;rgba(255,255,255,0)&#8220; button_border_width=&#8220;0px&#8220; button_border_color=&#8220;#c20e1a&#8220; button_border_radius=&#8220;0px&#8220; button_letter_spacing=&#8220;1px&#8220; button_font=&#8220;Open Sans|700||on|||||&#8220; button_icon=&#8220;%%36%%&#8220; custom_margin=&#8220;0px||22.7%|||&#8220; custom_padding=&#8220;10px||10px|0px&#8220; hover_enabled=&#8220;0&#8243; button_border_width__hover_enabled=&#8220;on&#8220; button_border_width__hover=&#8220;0px&#8220; button_bg_color__hover_enabled=&#8220;on&#8220; button_bg_color__hover=&#8220;rgba(255,255,255,0)&#8220; sticky_enabled=&#8220;0&#8243;][\/et_pb_button][\/et_pb_column][et_pb_column type=&#8220;1_2&#8243; _builder_version=&#8220;3.25&#8243; custom_padding=&#8220;0px|||&#8220; custom_padding__hover=&#8220;|||&#8220;][et_pb_text _builder_version=&#8220;4.8.0&#8243; header_font=&#8220;Open Sans|300|||||||&#8220; header_font_size=&#8220;40px&#8220; header_3_font=&#8220;Work Sans||||||||&#8220; header_3_font_size=&#8220;3.9vw&#8220; header_3_letter_spacing=&#8220;-3px&#8220; custom_margin=&#8220;10.6%|5%|||false|false&#8220; custom_padding=&#8220;|0px||7.8%||&#8220; custom_padding_tablet=&#8220;|20%||&#8220; custom_padding_phone=&#8220;&#8220; custom_padding_last_edited=&#8220;on|phone&#8220; header_font_size_tablet=&#8220;30px&#8220; header_font_size_phone=&#8220;25px&#8220; header_font_size_last_edited=&#8220;on|tablet&#8220; header_3_font_size_tablet=&#8220;6.7vw&#8220; header_3_font_size_phone=&#8220;8.2vw&#8220; header_3_font_size_last_edited=&#8220;on|phone&#8220; header_font_size__hover_enabled=&#8220;on&#8220;]<\/p>\n<h3>Um wirklich innovativ und wettbewerbsf\u00e4hig auf dem Markt zu sein, ist es notwendig, sich keine Grenzen zu setzen, neue Technologien herauszufordern, die Zukunft zu entdecken.<\/h3>\n<p>[\/et_pb_text][\/et_pb_column][\/et_pb_row][\/et_pb_section][et_pb_section fb_built=&#8220;1&#8243; _builder_version=&#8220;4.8.0&#8243; background_color=&#8220;#232323&#8243; custom_padding=&#8220;0|0px|0|0px|false|false&#8220; border_width_bottom=&#8220;1px&#8220; border_color_bottom=&#8220;#606060&#8243; global_module=&#8220;559&#8243; saved_tabs=&#8220;all&#8220;][et_pb_row column_structure=&#8220;1_4,1_4,1_4,1_4&#8243; use_custom_gutter=&#8220;on&#8220; gutter_width=&#8220;1&#8243; module_class=&#8220; et_pb_row_fullwidth&#8220; _builder_version=&#8220;3.25&#8243; width=&#8220;100%&#8220; width_tablet=&#8220;100%&#8220; width_phone=&#8220;&#8220; width_last_edited=&#8220;on|desktop&#8220; max_width=&#8220;100%&#8220; max_width_tablet=&#8220;100%&#8220; max_width_phone=&#8220;&#8220; max_width_last_edited=&#8220;on|desktop&#8220; custom_padding=&#8220;0|0px|0|0px|false|false&#8220; make_fullwidth=&#8220;on&#8220; background_color_1__hover_enabled=&#8220;on&#8220; background_color_1__hover=&#8220;#303030&#8243; background_color_2__hover_enabled=&#8220;on&#8220; background_color_2__hover=&#8220;#303030&#8243; background_color_3__hover_enabled=&#8220;on&#8220; background_color_3__hover=&#8220;#303030&#8243; background_color_4__hover_enabled=&#8220;on&#8220; background_color_4__hover=&#8220;#303030&#8243;][et_pb_column type=&#8220;1_4&#8243; _builder_version=&#8220;3.25&#8243; background_color=&#8220;#232323&#8243; custom_padding=&#8220;|||&#8220; background_color__hover=&#8220;#303030&#8243; background_color__hover_enabled=&#8220;on&#8220; custom_padding__hover=&#8220;|||&#8220;][et_pb_blurb title=&#8220;Verkaufsnetz&#8220; url=&#8220;https:\/\/bautechnik.it\/de\/verkaufsnetz\/&#8220; use_icon=&#8220;on&#8220; font_icon=&#8220;%%165%%&#8220; icon_color=&#8220;#878787&#8243; content_max_width=&#8220;500px&#8220; use_icon_font_size=&#8220;on&#8220; icon_font_size=&#8220;30px&#8220; _builder_version=&#8220;4.8.0&#8243; header_font=&#8220;Open Sans||||||||&#8220; header_text_align=&#8220;center&#8220; header_text_color=&#8220;#878787&#8243; header_font_size=&#8220;15px&#8220; text_orientation=&#8220;center&#8220; module_alignment=&#8220;center&#8220; custom_margin_tablet=&#8220;&#8220; custom_margin_phone=&#8220;&#8220; custom_margin_last_edited=&#8220;on|desktop&#8220; custom_padding=&#8220;30%||35%|0%&#8220; custom_padding_tablet=&#8220;&#8220; custom_padding_phone=&#8220;||&#8220; custom_padding_last_edited=&#8220;on|phone&#8220; custom_css_blurb_image=&#8220;margin-bottom: 0px;||padding-bottom: 10px;&#8220; border_color_all=&#8220;#565656&#8243; border_width_right=&#8220;1px&#8220; background__hover_enabled=&#8220;on|hover&#8220; background_color__hover=&#8220;#333333&#8243; background_enable_color__hover=&#8220;on&#8220;][\/et_pb_blurb][\/et_pb_column][et_pb_column type=&#8220;1_4&#8243; _builder_version=&#8220;3.25&#8243; background_color=&#8220;#232323&#8243; custom_padding=&#8220;|||&#8220; background_color__hover=&#8220;#303030&#8243; background_color__hover_enabled=&#8220;on&#8220; custom_padding__hover=&#8220;|||&#8220;][et_pb_blurb title=&#8220;Produkte&#8220; url=&#8220;\/de\/betonfertigteile\/&#8220; use_icon=&#8220;on&#8220; font_icon=&#8220;%%112%%&#8220; icon_color=&#8220;#878787&#8243; content_max_width=&#8220;500px&#8220; use_icon_font_size=&#8220;on&#8220; icon_font_size=&#8220;30px&#8220; _builder_version=&#8220;4.8.0&#8243; header_font=&#8220;Open Sans||||||||&#8220; header_text_align=&#8220;center&#8220; header_text_color=&#8220;#878787&#8243; header_font_size=&#8220;15px&#8220; text_orientation=&#8220;center&#8220; module_alignment=&#8220;center&#8220; custom_padding=&#8220;30%||35%|0%&#8220; custom_padding_tablet=&#8220;&#8220; custom_padding_phone=&#8220;0%||&#8220; custom_padding_last_edited=&#8220;on|phone&#8220; custom_css_blurb_image=&#8220;margin-bottom: 0px;||padding-bottom: 10px;&#8220; border_width_right=&#8220;1px&#8220; border_color_right=&#8220;#565656&#8243; background__hover_enabled=&#8220;on|hover&#8220; background_color__hover=&#8220;#333333&#8243; background_enable_color__hover=&#8220;on&#8220;][\/et_pb_blurb][\/et_pb_column][et_pb_column type=&#8220;1_4&#8243; _builder_version=&#8220;3.25&#8243; background_color=&#8220;#232323&#8243; custom_padding=&#8220;|||&#8220; background_color__hover=&#8220;#303030&#8243; background_color__hover_enabled=&#8220;on&#8220; custom_padding__hover=&#8220;|||&#8220;][et_pb_blurb title=&#8220;Wo wir sind&#8220; url=&#8220;\/de\/wo-wir-sind\/&#8220; use_icon=&#8220;on&#8220; font_icon=&#8220;%%122%%&#8220; icon_color=&#8220;#878787&#8243; content_max_width=&#8220;500px&#8220; use_icon_font_size=&#8220;on&#8220; icon_font_size=&#8220;30px&#8220; _builder_version=&#8220;4.8.0&#8243; header_font=&#8220;Open Sans||||||||&#8220; header_text_align=&#8220;center&#8220; header_text_color=&#8220;#878787&#8243; header_font_size=&#8220;15px&#8220; text_orientation=&#8220;center&#8220; module_alignment=&#8220;center&#8220; custom_padding=&#8220;30%||35%|0%&#8220; custom_padding_tablet=&#8220;&#8220; custom_padding_phone=&#8220;0%||&#8220; custom_padding_last_edited=&#8220;on|phone&#8220; custom_css_blurb_image=&#8220;margin-bottom: 0px;||padding-bottom: 10px;&#8220; border_width_right=&#8220;1px&#8220; border_color_right=&#8220;#565656&#8243; background__hover_enabled=&#8220;on|hover&#8220; background_color__hover=&#8220;#333333&#8243; background_enable_color__hover=&#8220;on&#8220;][\/et_pb_blurb][\/et_pb_column][et_pb_column type=&#8220;1_4&#8243; _builder_version=&#8220;3.25&#8243; background_color=&#8220;#232323&#8243; custom_padding=&#8220;|||&#8220; background_color__hover=&#8220;#303030&#8243; background_color__hover_enabled=&#8220;on&#8220; custom_padding__hover=&#8220;|||&#8220;][et_pb_blurb title=&#8220;Kontakte&#8220; url=&#8220;\/de\/kontakt\/&#8220; use_icon=&#8220;on&#8220; font_icon=&#8220;%%109%%&#8220; icon_color=&#8220;#878787&#8243; content_max_width=&#8220;500px&#8220; use_icon_font_size=&#8220;on&#8220; icon_font_size=&#8220;30px&#8220; _builder_version=&#8220;4.8.0&#8243; header_font=&#8220;Open Sans||||||||&#8220; header_text_align=&#8220;center&#8220; header_text_color=&#8220;#878787&#8243; header_font_size=&#8220;15px&#8220; text_orientation=&#8220;center&#8220; module_alignment=&#8220;center&#8220; custom_margin=&#8220;0px||&#8220; custom_margin_tablet=&#8220;40px|||&#8220; custom_margin_phone=&#8220;0px||&#8220; custom_margin_last_edited=&#8220;on|phone&#8220; custom_padding=&#8220;30%||35%|0%&#8220; custom_padding_tablet=&#8220;&#8220; custom_padding_phone=&#8220;0%||&#8220; custom_padding_last_edited=&#8220;on|desktop&#8220; custom_css_blurb_image=&#8220;margin-bottom: 0px;||padding-bottom: 10px;&#8220; border_width_right=&#8220;1px&#8220; border_color_right=&#8220;#565656&#8243; background__hover_enabled=&#8220;on|hover&#8220; background_color__hover=&#8220;#333333&#8243; background_enable_color__hover=&#8220;on&#8220;][\/et_pb_blurb][\/et_pb_column][\/et_pb_row][\/et_pb_section]<\/p>\n","protected":false},"excerpt":{"rendered":"<p>[et_pb_section fb_built=&#8220;1&#8243; disabled_on=&#8220;on|off|off&#8220; _builder_version=&#8220;4.8.0&#8243; custom_margin=&#8220;0px|0px|0px|0px&#8220; custom_padding=&#8220;0px|0px|0px|0px|false|false&#8220;][et_pb_row use_custom_gutter=&#8220;on&#8220; gutter_width=&#8220;1&#8243; module_class=&#8220; et_pb_row_fullwidth&#8220; _builder_version=&#8220;3.25&#8243; width=&#8220;100%&#8220; width_tablet=&#8220;100%&#8220; width_phone=&#8220;&#8220; width_last_edited=&#8220;on|desktop&#8220; max_width=&#8220;100%&#8220; max_width_tablet=&#8220;100%&#8220; max_width_phone=&#8220;&#8220; max_width_last_edited=&#8220;on|desktop&#8220; custom_margin=&#8220;-94px||&#8220; custom_margin_tablet=&#8220;-95px||&#8220; custom_margin_phone=&#8220;&#8220; custom_margin_last_edited=&#8220;on|tablet&#8220; custom_padding=&#8220;0px|0px|0|0px|false|false&#8220; make_fullwidth=&#8220;on&#8220;][et_pb_column type=&#8220;4_4&#8243; _builder_version=&#8220;3.25&#8243; custom_padding=&#8220;|||&#8220; custom_padding__hover=&#8220;|||&#8220;][et_pb_text _builder_version=&#8220;4.8.0&#8243; custom_margin=&#8220;0px|0px|0px|0px&#8220; custom_padding=&#8220;0px|0px|0px|0px&#8220;][\/et_pb_text][\/et_pb_column][\/et_pb_row][\/et_pb_section][et_pb_section fb_built=&#8220;1&#8243; disabled_on=&#8220;off|on|on&#8220; _builder_version=&#8220;3.22&#8243; custom_margin=&#8220;0px|0px|0px|0px&#8220; custom_padding=&#8220;0px|0px|0px|0px|false|false&#8220;][et_pb_row use_custom_gutter=&#8220;on&#8220; gutter_width=&#8220;1&#8243; module_class=&#8220; et_pb_row_fullwidth&#8220; _builder_version=&#8220;3.25&#8243; width=&#8220;100%&#8220; width_tablet=&#8220;100%&#8220; width_phone=&#8220;&#8220; width_last_edited=&#8220;on|desktop&#8220; max_width=&#8220;100%&#8220; max_width_tablet=&#8220;100%&#8220; max_width_phone=&#8220;&#8220; max_width_last_edited=&#8220;on|desktop&#8220; custom_margin=&#8220;-100px||&#8220; custom_padding=&#8220;0px|0px|0|0px|false|false&#8220; make_fullwidth=&#8220;on&#8220;][et_pb_column type=&#8220;4_4&#8243; _builder_version=&#8220;3.25&#8243; [&hellip;]<\/p>\n","protected":false},"author":2,"featured_media":0,"parent":0,"menu_order":0,"comment_status":"closed","ping_status":"closed","template":"","meta":{"_et_pb_use_builder":"on","_et_pb_old_content":"<p>home page\u00a0 italiana<\/p>","_et_gb_content_width":""},"_links":{"self":[{"href":"https:\/\/moserbautechnik.it\/de\/wp-json\/wp\/v2\/pages\/9"}],"collection":[{"href":"https:\/\/moserbautechnik.it\/de\/wp-json\/wp\/v2\/pages"}],"about":[{"href":"https:\/\/moserbautechnik.it\/de\/wp-json\/wp\/v2\/types\/page"}],"author":[{"embeddable":true,"href":"https:\/\/moserbautechnik.it\/de\/wp-json\/wp\/v2\/users\/2"}],"replies":[{"embeddable":true,"href":"https:\/\/moserbautechnik.it\/de\/wp-json\/wp\/v2\/comments?post=9"}],"version-history":[{"count":37,"href":"https:\/\/moserbautechnik.it\/de\/wp-json\/wp\/v2\/pages\/9\/revisions"}],"predecessor-version":[{"id":4009,"href":"https:\/\/moserbautechnik.it\/de\/wp-json\/wp\/v2\/pages\/9\/revisions\/4009"}],"wp:attachment":[{"href":"https:\/\/moserbautechnik.it\/de\/wp-json\/wp\/v2\/media?parent=9"}],"curies":[{"name":"wp","href":"https:\/\/api.w.org\/{rel}","templated":true}]}}