{"id":1930,"date":"2019-06-13T13:04:57","date_gmt":"2019-06-13T13:04:57","guid":{"rendered":"https:\/\/moserbautechnik.it\/?page_id=1930"},"modified":"2019-11-13T14:55:37","modified_gmt":"2019-11-13T14:55:37","slug":"privacy","status":"publish","type":"page","link":"https:\/\/moserbautechnik.it\/it\/privacy\/","title":{"rendered":"Privacy"},"content":{"rendered":"<p>[et_pb_section fb_built=&#8221;1&#8243; _builder_version=&#8221;3.21.1&#8243; background_color=&#8221;#2b2b2b&#8221; custom_margin=&#8221;0px|0px|0px|0px&#8221; custom_padding=&#8221;0px||0px&#8221;][et_pb_row _builder_version=&#8221;3.21.1&#8243; custom_padding=&#8221;0|0px|36.4688px|0px|false|false&#8221;][et_pb_column type=&#8221;1_2&#8243; _builder_version=&#8221;3.21.1&#8243;][et_pb_image src=&#8221;https:\/\/moserbautechnik.it\/wp-content\/uploads\/2019\/04\/logo-bianco-120px.png&#8221; _builder_version=&#8221;3.21.1&#8243; url=&#8221;https:\/\/moserbautechnik.it\/it\/&#8221;][\/et_pb_image][et_pb_text _builder_version=&#8221;3.21.1&#8243; header_font=&#8221;|300|||||||&#8221; header_font_size=&#8221;28px&#8221; header_4_font=&#8221;Open Sans|300|||||||&#8221; header_4_font_size=&#8221;19px&#8221; header_4_line_height=&#8221;1.2em&#8221;]<\/p>\n<h1><span style=\"color: #999999;\">Informativa sulla Privacy<\/span><\/h1>\n<p><span style=\"color: #999999;\"><\/span><\/p>\n<h4><span style=\"color: #999999;\"><\/span><\/h4>\n<h4><span style=\"color: #999999;\"><\/span><\/h4>\n<h4><span style=\"color: #999999;\"><\/span><\/h4>\n<h4><span style=\"color: #999999;\">Informativa ai sensi dell\u2019art.13 D.lgs n.196\/2003 \u201cCodice in materia di protezione dei dati personali\u201d<\/span><\/h4>\n<p>[\/et_pb_text][\/et_pb_column][et_pb_column type=&#8221;1_2&#8243; _builder_version=&#8221;3.21.1&#8243;][\/et_pb_column][\/et_pb_row][\/et_pb_section][et_pb_section fb_built=&#8221;1&#8243; _builder_version=&#8221;3.21.1&#8243;][et_pb_row custom_padding=&#8221;83px|0px|110px|0px|false|false&#8221; _builder_version=&#8221;3.21.1&#8243;][et_pb_column type=&#8221;1_2&#8243; _builder_version=&#8221;3.21.1&#8243;][et_pb_text _builder_version=&#8221;3.21.1&#8243;]<\/p>\n<p><strong>Ai sensi dell\u2019articolo 13 del D.lgs n.196\/2003, Le\/Vi forniamo le seguenti informazioni:<\/strong><\/p>\n<p><strong> 1.<\/strong> I dati personali da Lei\/Voi forniti o acquisiti nell\u2019ambito della nostra attivit\u00e0 saranno oggetto di trattamento improntato ai principi di correttezza, liceit\u00e0, trasparenza e di tutela della Sua\/Vostra riservatezza e dei Suoi\/Vostri diritti.<\/p>\n<p><strong>2.<\/strong> Il trattamento di tali dati personali sar\u00e0 finalizzato agli adempimenti degli obblighi di legge, contrattuali o derivanti da richieste o da incarichi conferiti dall\u2019interessato.<\/p>\n<p><strong>3.<\/strong> I dati personali potranno essere utilizzati anche ai fini di invio di materiale informativo e pubblicitario o per comunicazioni commerciali riguardanti prodotti e servizi illustrati in questo sito web, o comunque riconducibili all\u2019attivit\u00e0 del Titolare del trattamento, e novit\u00e0 ad essi collegate o riguardanti nuovi prodotti commercializzati.<\/p>\n<p><strong>4.<\/strong> Il trattamento pu\u00f2 essere effettuato anche con l\u2019ausilio di strumenti elettronici con modalit\u00e0 idonee a garantire la sicurezza e la riservatezza dei dati.<\/p>\n<p><strong>5.<\/strong> Il conferimento dei dati \u00e8 facoltativo, tuttavia l\u2019eventuale rifiuto a fornirci, in tutto o in parte, i Suoi\/Vostri dati personali o l\u2019autorizzazione al trattamento potrebbe comportare la mancata o parziale esecuzione del contratto ovvero la mancata esecuzione dell\u2019incarico o soddisfacimento delle Sue\/Vostre richieste. In particolare il conferimento dei dati e il consenso al loro trattamento sono obbligatori al fine di poter inviare le informazioni richieste e le comunicazioni commerciali o pubblicitarie.<\/p>\n<p><strong>6.<\/strong> I dati potranno essere comunicati, esclusivamente per le finalit\u00e0 sopra indicate, a soggetti determinati al fine di adempiere agli obblighi di cui sopra. I dati saranno a conoscenza anche di societ\u00e0 a noi collegate, controllanti o controllate. Altri soggetti potrebbero venire a conoscenza dei dati in qualit\u00e0 di responsabili o incaricati del trattamento o in qualit\u00e0 di gestori e manutentori del sito stesso. In nessun caso i dati personali trattati saranno oggetto di diffusione.<\/p>\n<p><strong>7.<\/strong> Anche dati personali classificati come sensibili ossia i dati idonei a rivelare l\u2019origine razziale ed etnica, le convinzioni religiose, filosofiche o altro in genere, le opinioni politiche, l\u2019adesione a partiti, sindacati, associazioni od organizzazioni a carattere religioso, filosofico, politico o sindacale, nonch\u00e9 i dati personali idonei a rivelare lo stato di salute e la vita sessuale, possono essere oggetto di trattamento, qualora si rendessero indispensabili, con il consenso scritto dell\u2019interessato (ove previsto) e previa autorizzazione del Garante per la protezione dei dati personali (articolo 26 del D.lgs n.196\/2003), secondo le modalit\u00e0 e per le finalit\u00e0 sopra indicate.<\/p>\n<p><strong>8.<\/strong> Il titolare del trattamento dei dati personali \u00e8 Bautechnik Srl con sede in Via E. Fermi 22 39100 Bolzano tel. +39 &lt;04719261 &#8211; email info@moserbautechnik.it. Il responsabile del trattamento dei dati personali \u00e8 il Sig. Bortolotti Angelo. E\u2019 possibile conoscere una versione aggiornata di questo documento e l\u2019elenco aggiornato dei responsabili del trattamento, rivolgendosi direttamente al titolare.<\/p>\n<p><strong>9.<\/strong> Al titolare del trattamento o al responsabile Lei\/Voi potr\u00e0 rivolgersi per far valere i Suoi diritti cos\u00ec come previsto dall\u2019articolo 7 del D.lgs n.196\/2003, che per Sua\/Vostra comodit\u00e0 riproduciamo di seguito integralmente, e in particolare per segnalare la volont\u00e0 di non voler pi\u00f9 ricevere comunicazioni pubblicitarie. Art. 7 Diritto di accesso ai dati personali ed altri diritti<\/p>\n<p><em>1.<\/em> L&#8217;interessato ha diritto di ottenere la conferma dell&#8217;esistenza o meno di dati personali che lo riguardano, anche se non ancora registrati, e la loro comunicazione in forma intelligibile.<\/p>\n<p><em>2.<\/em> L\u2019interessato ha diritto di ottenere l\u2019indicazione:<\/p>\n<p><em>a) dell\u2019origine dei dati personali;<\/em><\/p>\n<p><em>b) delle finalit\u00e0 e modalit\u00e0 del trattamento;<\/em><\/p>\n<p><em>c) della logica applicata in caso di trattamento effettuato con l\u2019ausilio di strumenti elettronici;<\/em><\/p>\n<p><em>d) degli estremi identificativi del titolare, dei responsabili e del rappresentante designato ai sensi dell\u2019articolo 5, comma 2;<\/em><\/p>\n<p><em>e) dei soggetti o delle categorie di soggetti ai quali i dati personali possono essere comunicati o che possono venirne a conoscenza in qualit\u00e0 di rappresentante designato nel territorio dello Stato, di responsabili o incaricati.<\/em><\/p>\n<p>3. L\u2019interessato ha diritto di ottenere:<\/p>\n<p><em>a) l&#8217;aggiornamento, la rettificazione ovvero, quando vi ha interesse, l&#8217;integrazione dei dati; <\/em><\/p>\n<p><em>b) la cancellazione, la trasformazione in forma anonima o il blocco dei dati trattati in violazione di legge, compresi quelli di cui non \u00e8 necessaria la conservazione in relazione agli scopi per i quali i dati sono stati raccolti o successivamente trattati; <\/em><\/p>\n<p><em>c) l&#8217;attestazione che le operazioni di cui alle lettere a) e b) sono state portate a conoscenza, anche per quanto riguarda il loro contenuto, di coloro ai quali i dati sono stati comunicati o diffusi, eccettuato il caso in cui tale adempimento si rivela impossibile o comporta un impiego di mezzi manifestamente sproporzionato rispetto al diritto tutelato.<\/em><\/p>\n<p>4. L\u2019interessato ha diritto di opporsi, in tutto o in parte:<\/p>\n<p><em>a) per motivi legittimi al trattamento dei dati personali che lo riguardano, ancorch\u00e9 pertinenti allo scopo della raccolta; <\/em><\/p>\n<p><em>b) al trattamento di dati personali che lo riguardano a fini di invio di materiale pubblicitario o di vendita diretta o per il compimento di ricerche di mercato o di comunicazione commerciale. <\/em><\/p>\n<p>[\/et_pb_text][\/et_pb_column][et_pb_column type=&#8221;1_2&#8243; _builder_version=&#8221;3.21.1&#8243;][\/et_pb_column][\/et_pb_row][\/et_pb_section][et_pb_section fb_built=&#8221;1&#8243; _builder_version=&#8221;3.21.1&#8243; background_color=&#8221;#232323&#8243; custom_padding=&#8221;0|0px|0|0px|false|false&#8221; global_module=&#8221;559&#8243; saved_tabs=&#8221;all&#8221;][et_pb_row make_fullwidth=&#8221;on&#8221; use_custom_gutter=&#8221;on&#8221; gutter_width=&#8221;1&#8243; custom_padding=&#8221;0|0px|0|0px|false|false&#8221; background_color_1=&#8221;#232323&#8243; background_color_2=&#8221;#232323&#8243; background_color_3=&#8221;#232323&#8243; background_color_4=&#8221;#232323&#8243; background_color_5=&#8221;#232323&#8243; background_color_6=&#8221;#232323&#8243; _builder_version=&#8221;3.21.1&#8243; background_color_1__hover_enabled=&#8221;on&#8221; background_color_1__hover=&#8221;#303030&#8243; background_color_2__hover_enabled=&#8221;on&#8221; background_color_2__hover=&#8221;#303030&#8243; background_color_3__hover_enabled=&#8221;on&#8221; background_color_3__hover=&#8221;#303030&#8243; background_color_4__hover_enabled=&#8221;on&#8221; background_color_4__hover=&#8221;#303030&#8243;][et_pb_column type=&#8221;1_6&#8243; _builder_version=&#8221;3.21.1&#8243;][et_pb_blurb title=&#8221;Rete di vendita&#8221; url=&#8221;https:\/\/moserbautechnik.it\/it\/rete-di-vendita\/&#8221; use_icon=&#8221;on&#8221; font_icon=&#8221;%%165%%&#8221; icon_color=&#8221;#878787&#8243; content_max_width=&#8221;500px&#8221; use_icon_font_size=&#8221;on&#8221; icon_font_size=&#8221;30px&#8221; _builder_version=&#8221;3.21.1&#8243; header_font=&#8221;Open Sans||||||||&#8221; header_text_align=&#8221;center&#8221; header_text_color=&#8221;#878787&#8243; header_font_size=&#8221;15px&#8221; border_color_all=&#8221;#565656&#8243; border_width_right=&#8221;1px&#8221; text_orientation=&#8221;center&#8221; module_alignment=&#8221;center&#8221; custom_margin_last_edited=&#8221;on|desktop&#8221; custom_padding=&#8221;30%||35%|0%&#8221; custom_padding_phone=&#8221;||&#8221; custom_padding_last_edited=&#8221;on|phone&#8221; custom_css_blurb_image=&#8221;margin-bottom: 0px;||padding-bottom: 10px;&#8221;][\/et_pb_blurb][\/et_pb_column][et_pb_column type=&#8221;1_6&#8243; _builder_version=&#8221;3.21.1&#8243;][et_pb_blurb title=&#8221;Prodotti&#8221; url=&#8221;https:\/\/moserbautechnik.it\/it\/reparto-termoidraulico\/&#8221; use_icon=&#8221;on&#8221; font_icon=&#8221;%%112%%&#8221; icon_color=&#8221;#878787&#8243; content_max_width=&#8221;500px&#8221; use_icon_font_size=&#8221;on&#8221; icon_font_size=&#8221;30px&#8221; _builder_version=&#8221;3.21.1&#8243; header_font=&#8221;Open Sans||||||||&#8221; header_text_align=&#8221;center&#8221; header_text_color=&#8221;#878787&#8243; header_font_size=&#8221;15px&#8221; border_width_right=&#8221;1px&#8221; border_color_right=&#8221;#565656&#8243; text_orientation=&#8221;center&#8221; module_alignment=&#8221;center&#8221; custom_padding=&#8221;30%||35%|0%&#8221; custom_padding_phone=&#8221;0%||&#8221; custom_padding_last_edited=&#8221;on|phone&#8221; custom_css_blurb_image=&#8221;margin-bottom: 0px;||padding-bottom: 10px;&#8221;][\/et_pb_blurb][\/et_pb_column][et_pb_column type=&#8221;1_6&#8243; _builder_version=&#8221;3.21.1&#8243;][et_pb_blurb title=&#8221;Dove siamo&#8221; url=&#8221;https:\/\/moserbautechnik.it\/it\/contatti\/&#8221; use_icon=&#8221;on&#8221; font_icon=&#8221;%%122%%&#8221; icon_color=&#8221;#878787&#8243; content_max_width=&#8221;500px&#8221; use_icon_font_size=&#8221;on&#8221; icon_font_size=&#8221;30px&#8221; _builder_version=&#8221;3.21.1&#8243; header_font=&#8221;Open Sans||||||||&#8221; header_text_align=&#8221;center&#8221; header_text_color=&#8221;#878787&#8243; header_font_size=&#8221;15px&#8221; border_width_right=&#8221;1px&#8221; border_color_right=&#8221;#565656&#8243; text_orientation=&#8221;center&#8221; module_alignment=&#8221;center&#8221; custom_padding=&#8221;30%||35%|0%&#8221; custom_padding_phone=&#8221;0%||&#8221; custom_padding_last_edited=&#8221;on|phone&#8221; custom_css_blurb_image=&#8221;margin-bottom: 0px;||padding-bottom: 10px;&#8221;][\/et_pb_blurb][\/et_pb_column][et_pb_column type=&#8221;1_6&#8243; _builder_version=&#8221;3.21.1&#8243;][et_pb_blurb title=&#8221;Contatti&#8221; url=&#8221;https:\/\/moserbautechnik.it\/it\/contattaci\/&#8221; use_icon=&#8221;on&#8221; font_icon=&#8221;%%109%%&#8221; icon_color=&#8221;#878787&#8243; content_max_width=&#8221;500px&#8221; use_icon_font_size=&#8221;on&#8221; icon_font_size=&#8221;30px&#8221; _builder_version=&#8221;3.21.1&#8243; header_font=&#8221;Open Sans||||||||&#8221; header_text_align=&#8221;center&#8221; header_text_color=&#8221;#878787&#8243; header_font_size=&#8221;15px&#8221; border_width_right=&#8221;1px&#8221; border_color_right=&#8221;#565656&#8243; text_orientation=&#8221;center&#8221; module_alignment=&#8221;center&#8221; custom_margin=&#8221;0px||&#8221; custom_margin_tablet=&#8221;40px|||&#8221; custom_margin_phone=&#8221;0px||&#8221; custom_margin_last_edited=&#8221;on|phone&#8221; custom_padding=&#8221;30%||35%|0%&#8221; custom_padding_phone=&#8221;0%||&#8221; custom_padding_last_edited=&#8221;on|desktop&#8221; custom_css_blurb_image=&#8221;margin-bottom: 0px;||padding-bottom: 10px;&#8221;][\/et_pb_blurb][\/et_pb_column][et_pb_column type=&#8221;1_6&#8243; _builder_version=&#8221;3.21.1&#8243;][et_pb_text _builder_version=&#8221;3.21.1&#8243; text_font=&#8221;||||||||&#8221; text_font_size=&#8221;13px&#8221; text_line_height=&#8221;1.3em&#8221; header_font=&#8221;||||||||&#8221; header_2_font=&#8221;Open Sans||||||||&#8221; header_2_text_color=&#8221;#878787&#8243; header_2_font_size=&#8221;13px&#8221; custom_margin_tablet=&#8221;40px||&#8221; custom_margin_phone=&#8221;0px||&#8221; custom_margin_last_edited=&#8221;on|desktop&#8221; custom_padding=&#8221;31%|21%||19%&#8221; custom_padding_tablet=&#8221;|10%||&#8221; custom_padding_phone=&#8221;0%|||&#8221; custom_padding_last_edited=&#8221;on|phone&#8221;]<\/p>\n<h2 class=\"p1\"><a id=\"form-login\"><\/a>Area riservata<\/h2>\n<p class=\"p1\"><span style=\"color: #878787;\">Accedi alla tua area riservata per consultare il tuo profilo.<\/span><\/p>\n<p>[\/et_pb_text][\/et_pb_column][et_pb_column type=&#8221;1_6&#8243; _builder_version=&#8221;3.21.1&#8243;][et_pb_text _builder_version=&#8221;3.21.1&#8243; text_font=&#8221;||||||||&#8221; text_line_height=&#8221;1.3em&#8221; header_font=&#8221;||||||||&#8221; header_2_font=&#8221;Open Sans||||||||&#8221; header_2_text_color=&#8221;#878787&#8243; header_2_font_size=&#8221;16px&#8221; custom_margin_tablet=&#8221;40px||&#8221; custom_margin_last_edited=&#8221;on|desktop&#8221; custom_padding=&#8221;9%|||30px&#8221; custom_padding_last_edited=&#8221;on|phone&#8221;]<\/p>\n<h2 class=\"p1\"><\/h2>\n<p class=\"p1\">[\/et_pb_text][et_pb_code _builder_version=&#8221;3.21.1&#8243; custom_padding=&#8221;4%||&#8221;]<\/p>\n<form method=\"post\" action=\"https:\/\/test.moserbautechnik.it\/Ecommerce\/Bautechnik\/it\/do-login\" name=\"login\" class=\"login-form\"><!-- [et_pb_line_break_holder] -->\t<input value=\"\" name=\"user\" type=\"text\" class=\"login-input\" placeholder=\"Username\"><!-- [et_pb_line_break_holder] -->\t<input value=\"\" name=\"pwd\" type=\"password\" class=\"login-input\" placeholder=\"Password\"><!-- [et_pb_line_break_holder] -->  <!\u2013- [et_pb_br_holder] -\u2013><!-- [et_pb_line_break_holder] -->\t<a href=\"https:\/\/test.moserbautechnik.it\/Ecommerce\/Bautechnik\/it\/nopass.xml\" class=\"login-link\">Password dimenticata?<\/a><!-- [et_pb_line_break_holder] -->\t<!\u2013- [et_pb_br_holder] -\u2013><!-- [et_pb_line_break_holder] --><\/p>\n<div style=\"padding-top:5px;\"><\/div>\n<p><!-- [et_pb_line_break_holder] --><\/p>\n<div ><!-- [et_pb_line_break_holder] -->  <input type=\"submit\" value=\"Login\" class=\"login-btn\"\/><!-- [et_pb_line_break_holder] --><input value=\"0\" name=\"master\" type=\"hidden\"><!-- [et_pb_line_break_holder] --><\/div>\n<p><!-- [et_pb_line_break_holder] --><\/form>\n<p>[\/et_pb_code][\/et_pb_column][\/et_pb_row][\/et_pb_section]<\/p>\n","protected":false},"excerpt":{"rendered":"<p>[et_pb_section fb_built=&#8221;1&#8243; _builder_version=&#8221;3.21.1&#8243; background_color=&#8221;#2b2b2b&#8221; custom_margin=&#8221;0px|0px|0px|0px&#8221; custom_padding=&#8221;0px||0px&#8221;][et_pb_row _builder_version=&#8221;3.21.1&#8243; custom_padding=&#8221;0|0px|36.4688px|0px|false|false&#8221;][et_pb_column type=&#8221;1_2&#8243; _builder_version=&#8221;3.21.1&#8243;][et_pb_image src=&#8221;https:\/\/moserbautechnik.it\/wp-content\/uploads\/2019\/04\/logo-bianco-120px.png&#8221; _builder_version=&#8221;3.21.1&#8243; url=&#8221;https:\/\/moserbautechnik.it\/it\/&#8221;][\/et_pb_image][et_pb_text _builder_version=&#8221;3.21.1&#8243; header_font=&#8221;|300|||||||&#8221; header_font_size=&#8221;28px&#8221; header_4_font=&#8221;Open Sans|300|||||||&#8221; header_4_font_size=&#8221;19px&#8221; header_4_line_height=&#8221;1.2em&#8221;] Informativa sulla Privacy Informativa ai sensi dell\u2019art.13 D.lgs n.196\/2003 \u201cCodice in materia di protezione dei dati personali\u201d [\/et_pb_text][\/et_pb_column][et_pb_column type=&#8221;1_2&#8243; _builder_version=&#8221;3.21.1&#8243;][\/et_pb_column][\/et_pb_row][\/et_pb_section][et_pb_section fb_built=&#8221;1&#8243; _builder_version=&#8221;3.21.1&#8243;][et_pb_row custom_padding=&#8221;83px|0px|110px|0px|false|false&#8221; _builder_version=&#8221;3.21.1&#8243;][et_pb_column type=&#8221;1_2&#8243; _builder_version=&#8221;3.21.1&#8243;][et_pb_text _builder_version=&#8221;3.21.1&#8243;] Ai sensi dell\u2019articolo 13 del D.lgs n.196\/2003, Le\/Vi [&hellip;]<\/p>\n","protected":false},"author":2,"featured_media":0,"parent":0,"menu_order":0,"comment_status":"closed","ping_status":"closed","template":"","meta":{"_et_pb_use_builder":"on","_et_pb_old_content":"","_et_gb_content_width":""},"_links":{"self":[{"href":"https:\/\/moserbautechnik.it\/it\/wp-json\/wp\/v2\/pages\/1930"}],"collection":[{"href":"https:\/\/moserbautechnik.it\/it\/wp-json\/wp\/v2\/pages"}],"about":[{"href":"https:\/\/moserbautechnik.it\/it\/wp-json\/wp\/v2\/types\/page"}],"author":[{"embeddable":true,"href":"https:\/\/moserbautechnik.it\/it\/wp-json\/wp\/v2\/users\/2"}],"replies":[{"embeddable":true,"href":"https:\/\/moserbautechnik.it\/it\/wp-json\/wp\/v2\/comments?post=1930"}],"version-history":[{"count":7,"href":"https:\/\/moserbautechnik.it\/it\/wp-json\/wp\/v2\/pages\/1930\/revisions"}],"predecessor-version":[{"id":2892,"href":"https:\/\/moserbautechnik.it\/it\/wp-json\/wp\/v2\/pages\/1930\/revisions\/2892"}],"wp:attachment":[{"href":"https:\/\/moserbautechnik.it\/it\/wp-json\/wp\/v2\/media?parent=1930"}],"curies":[{"name":"wp","href":"https:\/\/api.w.org\/{rel}","templated":true}]}}