{"id":7,"date":"2019-04-02T13:37:28","date_gmt":"2019-04-02T13:37:28","guid":{"rendered":"https:\/\/moserbautechnik.it\/?page_id=7"},"modified":"2022-10-25T08:56:33","modified_gmt":"2022-10-25T08:56:33","slug":"home","status":"publish","type":"page","link":"https:\/\/moserbautechnik.it\/it\/","title":{"rendered":"home"},"content":{"rendered":"<p>[et_pb_section fb_built=&#8221;1&#8243; disabled_on=&#8221;on|off|off&#8221; _builder_version=&#8221;3.22&#8243; custom_margin=&#8221;0px|0px|0px|0px&#8221; custom_padding=&#8221;0px|0px|0px|0px|false|false&#8221;][et_pb_row use_custom_gutter=&#8221;on&#8221; gutter_width=&#8221;1&#8243; module_class=&#8221; et_pb_row_fullwidth&#8221; _builder_version=&#8221;3.25&#8243; width=&#8221;100%&#8221; width_tablet=&#8221;100%&#8221; width_phone=&#8221;&#8221; width_last_edited=&#8221;on|desktop&#8221; max_width=&#8221;100%&#8221; max_width_tablet=&#8221;100%&#8221; max_width_phone=&#8221;&#8221; max_width_last_edited=&#8221;on|desktop&#8221; custom_margin=&#8221;-94px||&#8221; custom_margin_tablet=&#8221;-95px||&#8221; custom_margin_phone=&#8221;&#8221; custom_margin_last_edited=&#8221;on|tablet&#8221; custom_padding=&#8221;0px|0px|0|0px|false|false&#8221; make_fullwidth=&#8221;on&#8221;][et_pb_column type=&#8221;4_4&#8243; _builder_version=&#8221;3.25&#8243; custom_padding=&#8221;|||&#8221; custom_padding__hover=&#8221;|||&#8221;][et_pb_text _builder_version=&#8221;3.27.4&#8243; custom_margin=&#8221;0px|0px|0px|0px&#8221; custom_padding=&#8221;0px|0px|0px|0px&#8221;]<\/p>\n<p><span><script type=\"text\/javascript\">var lsjQuery = jQuery;lsjQuery(document).ready(function() {\r\nif(typeof lsjQuery.fn.layerSlider == \"undefined\") {\r\nif( window._layerSlider && window._layerSlider.showNotice) { \r\nwindow._layerSlider.showNotice('layerslider_2','jquery');\r\n}\r\n} else {\r\nlsjQuery(\"#layerslider_2\").layerSlider({createdWith: '6.8.2', sliderVersion: '6.8.2', allowFullscreen: false, pauseOnHover: 'disabled', forceCycles: false, skin: 'v5', sliderFadeInDuration: 0, showCircleTimer: false, skinsPath: 'https:\/\/moserbautechnik.it\/wp-content\/plugins\/LayerSlider\/static\/layerslider\/skins\/'});\r\n}\r\n});\r\n<\/script><div id=\"layerslider_2\" class=\"ls-wp-container fitvidsignore\" style=\"width:1700px;height:900px;margin:0 auto;margin-bottom: 0px;\"><div class=\"ls-slide\" data-ls=\"bgsize:cover;bgcolor:#ffffff;duration:12000;transition2d:5;transitionduration:0;kenburnsscale:1.2;\"><img width=\"1500\" height=\"1000\" src=\"https:\/\/moserbautechnik.it\/wp-content\/uploads\/2020\/04\/moser-01.jpg\" class=\"ls-bg\" alt=\"\" loading=\"lazy\" srcset=\"https:\/\/moserbautechnik.it\/wp-content\/uploads\/2020\/04\/moser-01.jpg 1500w, https:\/\/moserbautechnik.it\/wp-content\/uploads\/2020\/04\/moser-01-1280x853.jpg 1280w, https:\/\/moserbautechnik.it\/wp-content\/uploads\/2020\/04\/moser-01-980x653.jpg 980w, https:\/\/moserbautechnik.it\/wp-content\/uploads\/2020\/04\/moser-01-480x320.jpg 480w\" sizes=\"(min-width: 0px) and (max-width: 480px) 480px, (min-width: 481px) and (max-width: 980px) 980px, (min-width: 981px) and (max-width: 1280px) 1280px, (min-width: 1281px) 1500px, 100vw\" \/><img width=\"600\" height=\"1067\" src=\"https:\/\/moserbautechnik.it\/wp-content\/uploads\/2020\/03\/riquadro-slider-logo-2.png\" class=\"ls-l ls-hide-desktop ls-hide-phone\" alt=\"\" loading=\"lazy\" srcset=\"https:\/\/moserbautechnik.it\/wp-content\/uploads\/2020\/03\/riquadro-slider-logo-2.png 600w, https:\/\/moserbautechnik.it\/wp-content\/uploads\/2020\/03\/riquadro-slider-logo-2-480x854.png 480w\" sizes=\"(min-width: 0px) and (max-width: 480px) 480px, (min-width: 481px) 600px, 100vw\" style=\"top:0px;left:204px;width:426px;height:756px;\"><p style=\"top:232px;left:249px;text-align:center;font-weight:300;line-height:28px;font-size:22px;font-family:Open Sans;color:#ffffff;white-space:normal;\" class=\"ls-l ls-hide-desktop ls-hide-phone\">In un mondo ideale ci\u00f2 di cui hai <br>\nbisogno \u00e8 a portata di mano. <br>\nNon conta quanto il tuo progetto <br>\nsia ambizioso o fuori dagli schemi. <br>\nConta l\u2019esperienza <br>\ne la competenza di chi ti aiuter\u00e0 <br>\na realizzarlo. La disponibilit\u00e0 <br>\ndi chi sar\u00e0 al tuo fianco. <br>\nLa qualit\u00e0 dei prodotti e delle <br>\nsoluzioni studiate per te. <br>\nIn un mondo ideale quello <br>\nche stai cercando \u00e8 gi\u00e0 qui.<br>\n<\/p><p style=\"top:633px;left:305px;text-align:center;font-weight:300;line-height:55px;font-size:44px;font-family:Open Sans;color:#ffffff;white-space:normal;\" class=\"ls-l ls-hide-desktop ls-hide-phone\">Disponibile.<\/p><img width=\"600\" height=\"1067\" src=\"https:\/\/moserbautechnik.it\/wp-content\/uploads\/2020\/03\/riquadro-slider-logo-2.png\" class=\"ls-l ls-hide-tablet ls-hide-phone\" alt=\"\" loading=\"lazy\" srcset=\"https:\/\/moserbautechnik.it\/wp-content\/uploads\/2020\/03\/riquadro-slider-logo-2.png 600w, https:\/\/moserbautechnik.it\/wp-content\/uploads\/2020\/03\/riquadro-slider-logo-2-480x854.png 480w\" sizes=\"(min-width: 0px) and (max-width: 480px) 480px, (min-width: 481px) 600px, 100vw\" style=\"top:0px;left:203px;width:389px;height:690px;\" data-ls=\"durationin:500;\"><p style=\"top:246px;left:235px;text-align:center;font-weight:400;line-height:25px;font-size:20px;font-family:Open Sans;color:#ffffff;white-space:normal;\" class=\"ls-l ls-hide-tablet ls-hide-phone\" data-ls=\"durationin:500;\">In un mondo ideale ci\u00f2 di cui hai <br>\nbisogno \u00e8 a portata di mano. <br>\nNon conta quanto il tuo progetto <br>\nsia ambizioso o fuori dagli schemi. <br>\nConta l\u2019esperienza <br>\ne la competenza di chi ti aiuter\u00e0 <br>\na realizzarlo. La disponibilit\u00e0 <br>\ndi chi sar\u00e0 al tuo fianco. <br>\nLa qualit\u00e0 dei prodotti e delle <br>\nsoluzioni studiate per te. <br>\nIn un mondo ideale quello <br>\nche stai cercando \u00e8 gi\u00e0 qui.<br>\n<\/p><p style=\"top:595px;left:297px;text-align:center;font-weight:300;line-height:48px;font-size:38px;font-family:Open Sans;color:#ffffff;white-space:normal;\" class=\"ls-l ls-hide-tablet ls-hide-phone\" data-ls=\"durationin:500;\">Disponibile.<\/p><\/div><\/div><\/span><\/p>\n<p>[\/et_pb_text][\/et_pb_column][\/et_pb_row][\/et_pb_section][et_pb_section fb_built=&#8221;1&#8243; disabled_on=&#8221;off|on|on&#8221; _builder_version=&#8221;3.22&#8243; custom_margin=&#8221;0px|0px|0px|0px&#8221; custom_padding=&#8221;0px|0px|0px|0px|false|false&#8221;][et_pb_row use_custom_gutter=&#8221;on&#8221; gutter_width=&#8221;1&#8243; module_class=&#8221; et_pb_row_fullwidth&#8221; _builder_version=&#8221;3.25&#8243; width=&#8221;100%&#8221; width_tablet=&#8221;100%&#8221; width_phone=&#8221;&#8221; width_last_edited=&#8221;on|desktop&#8221; max_width=&#8221;100%&#8221; max_width_tablet=&#8221;100%&#8221; max_width_phone=&#8221;&#8221; max_width_last_edited=&#8221;on|desktop&#8221; custom_margin=&#8221;-100px||&#8221; custom_padding=&#8221;0px|0px|0|0px|false|false&#8221; make_fullwidth=&#8221;on&#8221;][et_pb_column type=&#8221;4_4&#8243; _builder_version=&#8221;3.25&#8243; custom_padding=&#8221;|||&#8221; custom_padding__hover=&#8221;|||&#8221;][et_pb_text _builder_version=&#8221;3.27.4&#8243; custom_margin=&#8221;0px|0px|0px|0px&#8221; custom_padding=&#8221;0px|0px|0px|0px&#8221;]<\/p>\n<script type=\"text\/javascript\">var lsjQuery = jQuery;lsjQuery(document).ready(function() {\r\nif(typeof lsjQuery.fn.layerSlider == \"undefined\") {\r\nif( window._layerSlider && window._layerSlider.showNotice) { \r\nwindow._layerSlider.showNotice('layerslider_4','jquery');\r\n}\r\n} else {\r\nlsjQuery(\"#layerslider_4\").layerSlider({createdWith: '6.8.2', sliderVersion: '6.8.2', type: 'fullsize', skin: 'v6', showCircleTimer: false, skinsPath: 'https:\/\/moserbautechnik.it\/wp-content\/plugins\/LayerSlider\/static\/layerslider\/skins\/', height: 700});\r\n}\r\n});\r\n<\/script><div id=\"layerslider_4\" class=\"ls-wp-container fitvidsignore\" style=\"width:600px;height:100vh;margin:0 auto;margin-bottom: 0px;\"><div class=\"ls-slide\" data-ls=\"bgsize:cover;duration:6000;transition2d:5;kenburnsscale:1.2;\"><img width=\"1500\" height=\"1000\" src=\"https:\/\/moserbautechnik.it\/wp-content\/uploads\/2020\/04\/moser-01.jpg\" class=\"ls-bg\" alt=\"\" loading=\"lazy\" srcset=\"https:\/\/moserbautechnik.it\/wp-content\/uploads\/2020\/04\/moser-01.jpg 1500w, https:\/\/moserbautechnik.it\/wp-content\/uploads\/2020\/04\/moser-01-1280x853.jpg 1280w, https:\/\/moserbautechnik.it\/wp-content\/uploads\/2020\/04\/moser-01-980x653.jpg 980w, https:\/\/moserbautechnik.it\/wp-content\/uploads\/2020\/04\/moser-01-480x320.jpg 480w\" sizes=\"(min-width: 0px) and (max-width: 480px) 480px, (min-width: 481px) and (max-width: 980px) 980px, (min-width: 981px) and (max-width: 1280px) 1280px, (min-width: 1281px) 1500px, 100vw\" \/><a style=\"\" class=\"ls-l ls-hide-desktop ls-hide-tablet\" href=\"http:\/\/moserbautechnik.it\/it\/\" target=\"_self\"><img width=\"600\" height=\"568\" src=\"https:\/\/moserbautechnik.it\/wp-content\/uploads\/2020\/04\/logo-mobile.png\" class=\"\" alt=\"\" loading=\"lazy\" srcset=\"https:\/\/moserbautechnik.it\/wp-content\/uploads\/2020\/04\/logo-mobile.png 600w, https:\/\/moserbautechnik.it\/wp-content\/uploads\/2020\/04\/logo-mobile-480x454.png 480w\" sizes=\"(min-width: 0px) and (max-width: 480px) 480px, (min-width: 481px) 600px, 100vw\" style=\"top:250px;left:93px;width:400px;height:370px;font-size:13px;line-height:falsepx;\"><\/a><p style=\"top:451px;left:167px;text-align:center;font-weight:300;line-height:26px;font-size:21px;font-family:Open Sans;color:#ffffff;white-space:normal;\" class=\"ls-l ls-hide-desktop ls-hide-tablet\">\nIn un mondo ideale quello <br>\nche stai cercando \u00e8 gi\u00e0 qui.<br>\n<\/p><p style=\"top:540px;left:211px;text-align:center;font-weight:300;line-height:36px;font-size:29px;font-family:Open Sans;color:#ffffff;white-space:normal;\" class=\"ls-l ls-hide-desktop ls-hide-tablet\">Disponibile.<\/p><\/div><\/div>\n<p>[\/et_pb_text][\/et_pb_column][\/et_pb_row][\/et_pb_section][et_pb_section fb_built=&#8221;1&#8243; _builder_version=&#8221;3.22&#8243; background_color=&#8221;rgba(0,0,0,0)&#8221; custom_padding=&#8221;0|0px|0px|0px|false|false&#8221;][et_pb_row column_structure=&#8221;3_5,2_5&#8243; use_custom_gutter=&#8221;on&#8221; gutter_width=&#8221;1&#8243; module_class=&#8221; et_pb_row_fullwidth&#8221; _builder_version=&#8221;3.25&#8243; background_color=&#8221;#ffffff&#8221; width=&#8221;100%&#8221; width_tablet=&#8221;100%&#8221; width_phone=&#8221;&#8221; width_last_edited=&#8221;on|desktop&#8221; max_width=&#8221;100%&#8221; max_width_tablet=&#8221;100%&#8221; max_width_phone=&#8221;&#8221; max_width_last_edited=&#8221;on|desktop&#8221; custom_padding=&#8221;0|0|31px|0px|false|false&#8221; custom_css_main_element=&#8221;z-index: 999;&#8221; make_fullwidth=&#8221;on&#8221;][et_pb_column type=&#8221;3_5&#8243; _builder_version=&#8221;3.25&#8243; custom_padding=&#8221;|||&#8221; custom_padding__hover=&#8221;|||&#8221;][et_pb_text _builder_version=&#8221;4.4.1&#8243; text_font=&#8221;Open Sans||||||||&#8221; header_font=&#8221;Work Sans||||||||&#8221; header_font_size=&#8221;8vw&#8221; header_letter_spacing=&#8221;-5px&#8221; header_line_height=&#8221;1.6em&#8221; header_2_font=&#8221;||||||||&#8221; custom_padding=&#8221;4.9%|10%|4.4%|20%||&#8221; header_font_size_tablet=&#8221;13vw&#8221; header_font_size_phone=&#8221;&#8221; header_font_size_last_edited=&#8221;on|phone&#8221;]<\/p>\n<h1 class=\"p1\">Benvenuto<\/h1>\n<p class=\"p1\">Un&#8217;ampia gamma di prodotti di qualit\u00e0 per realizzare quello che hai in mente. La competenza tecnica necessaria a ottenere il risultato migliore. L&#8217;affidabilit\u00e0 e la disponibilit\u00e0 su cui poter contare. Bautechnik \u00e8 tutto questo e molto altro ancora. \u00c8 un team di professionisti altamente qualificato. Innovazione, ricerca e tecnologia a portata di mano. Accoglienza e nuove idee. Dalla termoidraulica all&#8217;edilizia scopri le soluzioni pi\u00f9 adatte alla tua attivit\u00e0. Benvenuto nell&#8217;universo Bautechnik. <\/p>\n<p>[\/et_pb_text][et_pb_button button_url=&#8221;\/it\/azienda\/&#8221; button_text=&#8221;scopri l&#8217;azienda&#8221; button_alignment=&#8221;left&#8221; _builder_version=&#8221;3.21.1&#8243; custom_button=&#8221;on&#8221; button_text_size=&#8221;12px&#8221; button_text_color=&#8221;#c20e1a&#8221; button_bg_color=&#8221;rgba(255,255,255,0)&#8221; button_border_width=&#8221;0px&#8221; button_border_color=&#8221;#c20e1a&#8221; button_border_radius=&#8221;0px&#8221; button_letter_spacing=&#8221;1px&#8221; button_font=&#8221;Open Sans|700||on|||||&#8221; button_icon=&#8221;%%36%%&#8221; custom_margin=&#8221;0px||5.3%|20%||&#8221; custom_padding=&#8221;10px||10px|0px&#8221; button_border_width__hover_enabled=&#8221;on&#8221; button_border_width__hover=&#8221;0px&#8221; button_bg_color__hover_enabled=&#8221;on&#8221; button_bg_color__hover=&#8221;rgba(255,255,255,0)&#8221;][\/et_pb_button][\/et_pb_column][et_pb_column type=&#8221;2_5&#8243; _builder_version=&#8221;3.25&#8243; custom_padding=&#8221;|||&#8221; custom_padding__hover=&#8221;|||&#8221;][\/et_pb_column][\/et_pb_row][\/et_pb_section][et_pb_section fb_built=&#8221;1&#8243; custom_padding_last_edited=&#8221;on|phone&#8221; _builder_version=&#8221;3.22&#8243; custom_margin=&#8221;0px|0px|0px|0px&#8221; custom_padding=&#8221;0|0px|0px|0%|false|false&#8221; custom_padding_tablet=&#8221;||80px&#8221; custom_padding_phone=&#8221;&#8221;][et_pb_row column_structure=&#8221;1_2,1_2&#8243; use_custom_gutter=&#8221;on&#8221; gutter_width=&#8221;1&#8243; module_class=&#8221; et_pb_row_fullwidth&#8221; _builder_version=&#8221;4.4.1&#8243; background_enable_image=&#8221;off&#8221; width=&#8221;100%&#8221; width_tablet=&#8221;100%&#8221; width_phone=&#8221;&#8221; width_last_edited=&#8221;on|desktop&#8221; max_width=&#8221;100%&#8221; max_width_tablet=&#8221;100%&#8221; max_width_phone=&#8221;&#8221; max_width_last_edited=&#8221;on|desktop&#8221; custom_margin=&#8221;0px|0px|0px|&#8221; custom_padding=&#8221;0%|0px|0%|0px|false|false&#8221; make_fullwidth=&#8221;on&#8221;][et_pb_column type=&#8221;1_2&#8243; _builder_version=&#8221;4.4.1&#8243; background_image=&#8221;https:\/\/moserbautechnik.it\/wp-content\/uploads\/2020\/04\/moser-03-1024&#215;663.jpg&#8221; custom_padding=&#8221;10%||10%||false|false&#8221; custom_padding__hover=&#8221;|||&#8221;][et_pb_text _builder_version=&#8221;4.4.1&#8243; header_font=&#8221;Work Sans||||||||&#8221; header_font_size=&#8221;50px&#8221; header_letter_spacing=&#8221;-2px&#8221; custom_padding=&#8221;15.2%||11px|||&#8221; hover_enabled=&#8221;0&#8243; header_font_size_tablet=&#8221;&#8221; header_font_size_phone=&#8221;35px&#8221; header_font_size_last_edited=&#8221;on|desktop&#8221; sticky_enabled=&#8221;0&#8243;]<\/p>\n<h1 style=\"text-align: center;\"><span style=\"color: #ffffff;\">Prodotti<\/span><\/h1>\n<p>[\/et_pb_text][et_pb_button button_url=&#8221;https:\/\/moserbautechnik.it\/it\/manufatti-in-cemento\/&#8221; button_text=&#8221;scopri&#8221; button_alignment=&#8221;center&#8221; _builder_version=&#8221;4.8.0&#8243; custom_button=&#8221;on&#8221; button_text_size=&#8221;12px&#8221; button_text_color=&#8221;#ffffff&#8221; button_bg_color=&#8221;rgba(255,255,255,0)&#8221; button_border_width=&#8221;0px&#8221; button_border_color=&#8221;#c20e1a&#8221; button_border_radius=&#8221;0px&#8221; button_letter_spacing=&#8221;1px&#8221; button_font=&#8221;Open Sans|700||on|||||&#8221; button_icon=&#8221;%%36%%&#8221; custom_margin=&#8221;0px||15%|&#8221; custom_padding=&#8221;10px||10px|0px&#8221; hover_enabled=&#8221;0&#8243; button_border_width__hover_enabled=&#8221;on&#8221; button_border_width__hover=&#8221;0px&#8221; button_bg_color__hover_enabled=&#8221;on&#8221; button_bg_color__hover=&#8221;rgba(255,255,255,0)&#8221; sticky_enabled=&#8221;0&#8243;][\/et_pb_button][\/et_pb_column][et_pb_column type=&#8221;1_2&#8243; _builder_version=&#8221;3.25&#8243; custom_padding=&#8221;0px|||&#8221; custom_padding__hover=&#8221;|||&#8221;][et_pb_text _builder_version=&#8221;4.4.1&#8243; header_font=&#8221;Open Sans|300|||||||&#8221; header_font_size=&#8221;40px&#8221; header_3_font=&#8221;Work Sans||||||||&#8221; header_3_font_size=&#8221;4.3vw&#8221; header_3_letter_spacing=&#8221;-4px&#8221; header_3_line_height=&#8221;0.9em&#8221; custom_margin=&#8221;10.6%|5%|||false|false&#8221; custom_padding=&#8221;|0px||7.8%||&#8221; custom_padding_tablet=&#8221;|20%||&#8221; custom_padding_phone=&#8221;&#8221; custom_padding_last_edited=&#8221;on|phone&#8221; header_font_size_tablet=&#8221;30px&#8221; header_font_size_phone=&#8221;25px&#8221; header_font_size_last_edited=&#8221;on|tablet&#8221; header_3_font_size_tablet=&#8221;6.7vw&#8221; header_3_font_size_phone=&#8221;8.2vw&#8221; header_3_font_size_last_edited=&#8221;on|phone&#8221; header_font_size__hover_enabled=&#8221;on&#8221;]<\/p>\n<h3><span style=\"color: #333333;\">Per essere realmente innovativi e competitivi sul mercato \u00e8 necessario non porsi limiti, sfidare le nuove tecnologie, scoprire il futuro.<\/span><\/h3>\n<p>[\/et_pb_text][\/et_pb_column][\/et_pb_row][\/et_pb_section][et_pb_section fb_built=&#8221;1&#8243; _builder_version=&#8221;4.8.0&#8243; background_color=&#8221;#232323&#8243; custom_padding=&#8221;0|0px|0|0px|false|false&#8221; border_width_bottom=&#8221;1px&#8221; border_color_bottom=&#8221;#606060&#8243; global_module=&#8221;559&#8243; saved_tabs=&#8221;all&#8221;][et_pb_row column_structure=&#8221;1_4,1_4,1_4,1_4&#8243; use_custom_gutter=&#8221;on&#8221; gutter_width=&#8221;1&#8243; module_class=&#8221; et_pb_row_fullwidth&#8221; _builder_version=&#8221;3.25&#8243; width=&#8221;100%&#8221; width_tablet=&#8221;100%&#8221; width_phone=&#8221;&#8221; width_last_edited=&#8221;on|desktop&#8221; max_width=&#8221;100%&#8221; max_width_tablet=&#8221;100%&#8221; max_width_phone=&#8221;&#8221; max_width_last_edited=&#8221;on|desktop&#8221; custom_padding=&#8221;0|0px|0|0px|false|false&#8221; make_fullwidth=&#8221;on&#8221; background_color_1__hover_enabled=&#8221;on&#8221; background_color_1__hover=&#8221;#303030&#8243; background_color_2__hover_enabled=&#8221;on&#8221; background_color_2__hover=&#8221;#303030&#8243; background_color_3__hover_enabled=&#8221;on&#8221; background_color_3__hover=&#8221;#303030&#8243; background_color_4__hover_enabled=&#8221;on&#8221; background_color_4__hover=&#8221;#303030&#8243;][et_pb_column type=&#8221;1_4&#8243; _builder_version=&#8221;3.25&#8243; background_color=&#8221;#232323&#8243; custom_padding=&#8221;|||&#8221; background_color__hover=&#8221;#303030&#8243; background_color__hover_enabled=&#8221;on&#8221; custom_padding__hover=&#8221;|||&#8221;][et_pb_blurb title=&#8221;Rete di vendita&#8221; url=&#8221;https:\/\/bautechnik.it\/rete-di-vendita\/&#8221; use_icon=&#8221;on&#8221; font_icon=&#8221;%%165%%&#8221; icon_color=&#8221;#878787&#8243; content_max_width=&#8221;500px&#8221; use_icon_font_size=&#8221;on&#8221; icon_font_size=&#8221;30px&#8221; _builder_version=&#8221;4.8.0&#8243; header_font=&#8221;Open Sans||||||||&#8221; header_text_align=&#8221;center&#8221; header_text_color=&#8221;#878787&#8243; header_font_size=&#8221;15px&#8221; text_orientation=&#8221;center&#8221; module_alignment=&#8221;center&#8221; custom_margin_tablet=&#8221;&#8221; custom_margin_phone=&#8221;&#8221; custom_margin_last_edited=&#8221;on|desktop&#8221; custom_padding=&#8221;30%||35%|0%&#8221; custom_padding_tablet=&#8221;&#8221; custom_padding_phone=&#8221;||&#8221; custom_padding_last_edited=&#8221;on|phone&#8221; custom_css_blurb_image=&#8221;margin-bottom: 0px;||padding-bottom: 10px;&#8221; border_color_all=&#8221;#565656&#8243; border_width_right=&#8221;1px&#8221; background__hover_enabled=&#8221;on|hover&#8221; background_color__hover=&#8221;#333333&#8243; background_enable_color__hover=&#8221;on&#8221;][\/et_pb_blurb][\/et_pb_column][et_pb_column type=&#8221;1_4&#8243; _builder_version=&#8221;3.25&#8243; background_color=&#8221;#232323&#8243; custom_padding=&#8221;|||&#8221; background_color__hover=&#8221;#303030&#8243; background_color__hover_enabled=&#8221;on&#8221; custom_padding__hover=&#8221;|||&#8221;][et_pb_blurb title=&#8221;Prodotti&#8221; url=&#8221;\/manufatti-in-cemento\/&#8221; use_icon=&#8221;on&#8221; font_icon=&#8221;%%112%%&#8221; icon_color=&#8221;#878787&#8243; content_max_width=&#8221;500px&#8221; use_icon_font_size=&#8221;on&#8221; icon_font_size=&#8221;30px&#8221; _builder_version=&#8221;4.8.0&#8243; header_font=&#8221;Open Sans||||||||&#8221; header_text_align=&#8221;center&#8221; header_text_color=&#8221;#878787&#8243; header_font_size=&#8221;15px&#8221; text_orientation=&#8221;center&#8221; module_alignment=&#8221;center&#8221; custom_padding=&#8221;30%||35%|0%&#8221; custom_padding_tablet=&#8221;&#8221; custom_padding_phone=&#8221;0%||&#8221; custom_padding_last_edited=&#8221;on|phone&#8221; custom_css_blurb_image=&#8221;margin-bottom: 0px;||padding-bottom: 10px;&#8221; border_width_right=&#8221;1px&#8221; border_color_right=&#8221;#565656&#8243; background__hover_enabled=&#8221;on|hover&#8221; background_color__hover=&#8221;#333333&#8243; background_enable_color__hover=&#8221;on&#8221;][\/et_pb_blurb][\/et_pb_column][et_pb_column type=&#8221;1_4&#8243; _builder_version=&#8221;3.25&#8243; background_color=&#8221;#232323&#8243; custom_padding=&#8221;|||&#8221; background_color__hover=&#8221;#303030&#8243; background_color__hover_enabled=&#8221;on&#8221; custom_padding__hover=&#8221;|||&#8221;][et_pb_blurb title=&#8221;Dove siamo&#8221; url=&#8221;\/contatti\/&#8221; use_icon=&#8221;on&#8221; font_icon=&#8221;%%122%%&#8221; icon_color=&#8221;#878787&#8243; content_max_width=&#8221;500px&#8221; use_icon_font_size=&#8221;on&#8221; icon_font_size=&#8221;30px&#8221; _builder_version=&#8221;4.8.0&#8243; header_font=&#8221;Open Sans||||||||&#8221; header_text_align=&#8221;center&#8221; header_text_color=&#8221;#878787&#8243; header_font_size=&#8221;15px&#8221; text_orientation=&#8221;center&#8221; module_alignment=&#8221;center&#8221; custom_padding=&#8221;30%||35%|0%&#8221; custom_padding_tablet=&#8221;&#8221; custom_padding_phone=&#8221;0%||&#8221; custom_padding_last_edited=&#8221;on|phone&#8221; custom_css_blurb_image=&#8221;margin-bottom: 0px;||padding-bottom: 10px;&#8221; border_width_right=&#8221;1px&#8221; border_color_right=&#8221;#565656&#8243; background__hover_enabled=&#8221;on|hover&#8221; background_color__hover=&#8221;#333333&#8243; background_enable_color__hover=&#8221;on&#8221;][\/et_pb_blurb][\/et_pb_column][et_pb_column type=&#8221;1_4&#8243; _builder_version=&#8221;3.25&#8243; background_color=&#8221;#232323&#8243; custom_padding=&#8221;|||&#8221; background_color__hover=&#8221;#303030&#8243; background_color__hover_enabled=&#8221;on&#8221; custom_padding__hover=&#8221;|||&#8221;][et_pb_blurb title=&#8221;Contatti&#8221; url=&#8221;\/contattaci\/&#8221; use_icon=&#8221;on&#8221; font_icon=&#8221;%%109%%&#8221; icon_color=&#8221;#878787&#8243; content_max_width=&#8221;500px&#8221; use_icon_font_size=&#8221;on&#8221; icon_font_size=&#8221;30px&#8221; _builder_version=&#8221;4.8.0&#8243; header_font=&#8221;Open Sans||||||||&#8221; header_text_align=&#8221;center&#8221; header_text_color=&#8221;#878787&#8243; header_font_size=&#8221;15px&#8221; text_orientation=&#8221;center&#8221; module_alignment=&#8221;center&#8221; custom_margin=&#8221;0px||&#8221; custom_margin_tablet=&#8221;40px|||&#8221; custom_margin_phone=&#8221;0px||&#8221; custom_margin_last_edited=&#8221;on|phone&#8221; custom_padding=&#8221;30%||35%|0%&#8221; custom_padding_tablet=&#8221;&#8221; custom_padding_phone=&#8221;0%||&#8221; custom_padding_last_edited=&#8221;on|desktop&#8221; custom_css_blurb_image=&#8221;margin-bottom: 0px;||padding-bottom: 10px;&#8221; border_width_right=&#8221;1px&#8221; border_color_right=&#8221;#565656&#8243; background__hover_enabled=&#8221;on|hover&#8221; background_color__hover=&#8221;#333333&#8243; background_enable_color__hover=&#8221;on&#8221;][\/et_pb_blurb][\/et_pb_column][\/et_pb_row][\/et_pb_section]<\/p>\n","protected":false},"excerpt":{"rendered":"<p>[et_pb_section fb_built=&#8221;1&#8243; disabled_on=&#8221;on|off|off&#8221; _builder_version=&#8221;3.22&#8243; custom_margin=&#8221;0px|0px|0px|0px&#8221; custom_padding=&#8221;0px|0px|0px|0px|false|false&#8221;][et_pb_row use_custom_gutter=&#8221;on&#8221; gutter_width=&#8221;1&#8243; module_class=&#8221; et_pb_row_fullwidth&#8221; _builder_version=&#8221;3.25&#8243; width=&#8221;100%&#8221; width_tablet=&#8221;100%&#8221; width_phone=&#8221;&#8221; width_last_edited=&#8221;on|desktop&#8221; max_width=&#8221;100%&#8221; max_width_tablet=&#8221;100%&#8221; max_width_phone=&#8221;&#8221; max_width_last_edited=&#8221;on|desktop&#8221; custom_margin=&#8221;-94px||&#8221; custom_margin_tablet=&#8221;-95px||&#8221; custom_margin_phone=&#8221;&#8221; custom_margin_last_edited=&#8221;on|tablet&#8221; custom_padding=&#8221;0px|0px|0|0px|false|false&#8221; make_fullwidth=&#8221;on&#8221;][et_pb_column type=&#8221;4_4&#8243; _builder_version=&#8221;3.25&#8243; custom_padding=&#8221;|||&#8221; custom_padding__hover=&#8221;|||&#8221;][et_pb_text _builder_version=&#8221;3.27.4&#8243; custom_margin=&#8221;0px|0px|0px|0px&#8221; custom_padding=&#8221;0px|0px|0px|0px&#8221;] [\/et_pb_text][\/et_pb_column][\/et_pb_row][\/et_pb_section][et_pb_section fb_built=&#8221;1&#8243; disabled_on=&#8221;off|on|on&#8221; _builder_version=&#8221;3.22&#8243; custom_margin=&#8221;0px|0px|0px|0px&#8221; custom_padding=&#8221;0px|0px|0px|0px|false|false&#8221;][et_pb_row use_custom_gutter=&#8221;on&#8221; gutter_width=&#8221;1&#8243; module_class=&#8221; et_pb_row_fullwidth&#8221; _builder_version=&#8221;3.25&#8243; width=&#8221;100%&#8221; width_tablet=&#8221;100%&#8221; width_phone=&#8221;&#8221; width_last_edited=&#8221;on|desktop&#8221; max_width=&#8221;100%&#8221; max_width_tablet=&#8221;100%&#8221; max_width_phone=&#8221;&#8221; max_width_last_edited=&#8221;on|desktop&#8221; custom_margin=&#8221;-100px||&#8221; custom_padding=&#8221;0px|0px|0|0px|false|false&#8221; make_fullwidth=&#8221;on&#8221;][et_pb_column type=&#8221;4_4&#8243; [&hellip;]<\/p>\n","protected":false},"author":2,"featured_media":0,"parent":0,"menu_order":0,"comment_status":"closed","ping_status":"closed","template":"","meta":{"_et_pb_use_builder":"on","_et_pb_old_content":"<p>home page\u00a0 italiana<\/p>","_et_gb_content_width":""},"_links":{"self":[{"href":"https:\/\/moserbautechnik.it\/it\/wp-json\/wp\/v2\/pages\/7"}],"collection":[{"href":"https:\/\/moserbautechnik.it\/it\/wp-json\/wp\/v2\/pages"}],"about":[{"href":"https:\/\/moserbautechnik.it\/it\/wp-json\/wp\/v2\/types\/page"}],"author":[{"embeddable":true,"href":"https:\/\/moserbautechnik.it\/it\/wp-json\/wp\/v2\/users\/2"}],"replies":[{"embeddable":true,"href":"https:\/\/moserbautechnik.it\/it\/wp-json\/wp\/v2\/comments?post=7"}],"version-history":[{"count":132,"href":"https:\/\/moserbautechnik.it\/it\/wp-json\/wp\/v2\/pages\/7\/revisions"}],"predecessor-version":[{"id":4008,"href":"https:\/\/moserbautechnik.it\/it\/wp-json\/wp\/v2\/pages\/7\/revisions\/4008"}],"wp:attachment":[{"href":"https:\/\/moserbautechnik.it\/it\/wp-json\/wp\/v2\/media?parent=7"}],"curies":[{"name":"wp","href":"https:\/\/api.w.org\/{rel}","templated":true}]}}